{"id":532,"date":"2022-10-25T11:25:06","date_gmt":"2022-10-25T14:25:06","guid":{"rendered":"https:\/\/tintasfabrisul.com.br\/?post_type=product&#038;p=532"},"modified":"2022-11-30T11:02:45","modified_gmt":"2022-11-30T14:02:45","slug":"realpiso-pisos-e-quadras","status":"publish","type":"product","link":"https:\/\/tintasfabrisul.com.br\/index.php\/produto\/realpiso-pisos-e-quadras\/","title":{"rendered":"RealPiso Pisos e Quadras"},"content":{"rendered":"<p>Tinta acr\u00edlica de acabamento fosco indicada para pintura de pisos ciment\u00edcios novos e repinturas, quadras poliesportivas novas e repinturas, demarca\u00e7\u00f5es de estacionamentos, cal\u00e7adas e \u00e1reas de seguran\u00e7a em geral.<\/p>\n<p><strong><img loading=\"lazy\" decoding=\"async\" class=\"alignleft wp-image-647\" src=\"https:\/\/tintasfabrisul.com.br\/wp-content\/uploads\/2022\/10\/ferramenta-300x300.png\" alt=\"\" width=\"60\" height=\"60\" srcset=\"https:\/\/tintasfabrisul.com.br\/wp-content\/uploads\/2022\/10\/ferramenta-300x300.png 300w, https:\/\/tintasfabrisul.com.br\/wp-content\/uploads\/2022\/10\/ferramenta-1024x1024.png 1024w, https:\/\/tintasfabrisul.com.br\/wp-content\/uploads\/2022\/10\/ferramenta-150x150.png 150w, https:\/\/tintasfabrisul.com.br\/wp-content\/uploads\/2022\/10\/ferramenta-768x768.png 768w, https:\/\/tintasfabrisul.com.br\/wp-content\/uploads\/2022\/10\/ferramenta-1536x1536.png 1536w, https:\/\/tintasfabrisul.com.br\/wp-content\/uploads\/2022\/10\/ferramenta-600x600.png 600w, https:\/\/tintasfabrisul.com.br\/wp-content\/uploads\/2022\/10\/ferramenta-100x100.png 100w, https:\/\/tintasfabrisul.com.br\/wp-content\/uploads\/2022\/10\/ferramenta.png 1810w\" sizes=\"auto, (max-width: 60px) 100vw, 60px\" \/>Ferramentas: <\/strong>Utilizar rolo de l\u00e3 perfil baixo ou m\u00e9dio, trincha de cerdas claras e finas para recortes, caso utilize equipamento de pistola com compressor e ou airless, seguir as recomenda\u00e7\u00f5es do fabricante do equipamento.<\/p>\n<p>&nbsp;<\/p>\n<p><strong><img loading=\"lazy\" decoding=\"async\" class=\"wp-image-643 alignleft\" src=\"https:\/\/tintasfabrisul.com.br\/wp-content\/uploads\/2022\/10\/balde-de-tinta-1-300x300.png\" alt=\"\" width=\"50\" height=\"50\" srcset=\"https:\/\/tintasfabrisul.com.br\/wp-content\/uploads\/2022\/10\/balde-de-tinta-1-300x300.png 300w, https:\/\/tintasfabrisul.com.br\/wp-content\/uploads\/2022\/10\/balde-de-tinta-1-150x150.png 150w, https:\/\/tintasfabrisul.com.br\/wp-content\/uploads\/2022\/10\/balde-de-tinta-1-100x100.png 100w, https:\/\/tintasfabrisul.com.br\/wp-content\/uploads\/2022\/10\/balde-de-tinta-1.png 512w\" sizes=\"auto, (max-width: 50px) 100vw, 50px\" \/>Dilui\u00e7\u00e3o: <\/strong>Para pisos e quadras novos orientamos que seja dilu\u00eddo em 10% com \u00e1gua pot\u00e1vel. Demarca\u00e7\u00e3o de espa\u00e7os, garagens, \u00e1reas de seguran\u00e7a e estacionamentos em geral, n\u00e3o h\u00e1 necessidade de dilui\u00e7\u00e3o. Repintura a primeira dem\u00e3o com 20% de dilui\u00e7\u00e3o e as demais com 10%.<\/p>\n<p><strong><img loading=\"lazy\" decoding=\"async\" class=\"alignleft wp-image-642\" src=\"https:\/\/tintasfabrisul.com.br\/wp-content\/uploads\/2022\/10\/rolo-de-pintura-1-300x300.png\" alt=\"\" width=\"60\" height=\"60\" srcset=\"https:\/\/tintasfabrisul.com.br\/wp-content\/uploads\/2022\/10\/rolo-de-pintura-1-300x300.png 300w, https:\/\/tintasfabrisul.com.br\/wp-content\/uploads\/2022\/10\/rolo-de-pintura-1-150x150.png 150w, https:\/\/tintasfabrisul.com.br\/wp-content\/uploads\/2022\/10\/rolo-de-pintura-1-100x100.png 100w, https:\/\/tintasfabrisul.com.br\/wp-content\/uploads\/2022\/10\/rolo-de-pintura-1.png 512w\" sizes=\"auto, (max-width: 60px) 100vw, 60px\" \/>Dem\u00e3os: <\/strong>Geralmente aplica-se de duas a tr\u00eas dem\u00e3os para se alcan\u00e7ar a cobertura satisfat\u00f3ria, poder\u00e1 ser maior dependendo do tipo do piso, da cor escolhida e estado geral.<\/p>\n<p>&nbsp;<\/p>\n<p><strong><img loading=\"lazy\" decoding=\"async\" class=\"wp-image-641 alignleft\" src=\"https:\/\/tintasfabrisul.com.br\/wp-content\/uploads\/2022\/10\/pintura-1-300x300.png\" alt=\"\" width=\"50\" height=\"50\" srcset=\"https:\/\/tintasfabrisul.com.br\/wp-content\/uploads\/2022\/10\/pintura-1-300x300.png 300w, https:\/\/tintasfabrisul.com.br\/wp-content\/uploads\/2022\/10\/pintura-1-150x150.png 150w, https:\/\/tintasfabrisul.com.br\/wp-content\/uploads\/2022\/10\/pintura-1-100x100.png 100w, https:\/\/tintasfabrisul.com.br\/wp-content\/uploads\/2022\/10\/pintura-1.png 512w\" sizes=\"auto, (max-width: 50px) 100vw, 50px\" \/>Rendimento:<\/strong> <strong>Piso novo <\/strong>lata de 18 litros 70m\u00b2 acabada. gal\u00e3o de 3,6 litros 17m\u00b2 acabada. <strong>Repintura <\/strong>lata de 18 litros 85m\u00b2 acabada. gal\u00e3o de 3,6 litros 20m\u00b2 acabada.\u00a0 <em>Este rendimento pintura acabada, podendo haver varia\u00e7\u00f5es.<\/em><\/p>\n<p><strong><img loading=\"lazy\" decoding=\"async\" class=\"wp-image-646 alignleft\" src=\"https:\/\/tintasfabrisul.com.br\/wp-content\/uploads\/2022\/10\/relogio-com-sentido-horario-300x300.png\" alt=\"\" width=\"50\" height=\"50\" srcset=\"https:\/\/tintasfabrisul.com.br\/wp-content\/uploads\/2022\/10\/relogio-com-sentido-horario-300x300.png 300w, https:\/\/tintasfabrisul.com.br\/wp-content\/uploads\/2022\/10\/relogio-com-sentido-horario-150x150.png 150w, https:\/\/tintasfabrisul.com.br\/wp-content\/uploads\/2022\/10\/relogio-com-sentido-horario-100x100.png 100w, https:\/\/tintasfabrisul.com.br\/wp-content\/uploads\/2022\/10\/relogio-com-sentido-horario.png 512w\" sizes=\"auto, (max-width: 50px) 100vw, 50px\" \/>Secagem: <\/strong>1 hora em m\u00e9dia entre dem\u00e3os 4 horas e final 12 horas. N\u00e3o aplicar com chuva e frio, sol intenso poder\u00e1 manchar. Umidade 75% a 22 graus.<\/p>\n<p>&nbsp;<\/p>\n<p><strong><img loading=\"lazy\" decoding=\"async\" class=\"alignleft wp-image-644\" src=\"https:\/\/tintasfabrisul.com.br\/wp-content\/uploads\/2022\/10\/paleta-de-cores-300x300.png\" alt=\"\" width=\"45\" height=\"45\" srcset=\"https:\/\/tintasfabrisul.com.br\/wp-content\/uploads\/2022\/10\/paleta-de-cores-300x300.png 300w, https:\/\/tintasfabrisul.com.br\/wp-content\/uploads\/2022\/10\/paleta-de-cores-150x150.png 150w, https:\/\/tintasfabrisul.com.br\/wp-content\/uploads\/2022\/10\/paleta-de-cores-100x100.png 100w, https:\/\/tintasfabrisul.com.br\/wp-content\/uploads\/2022\/10\/paleta-de-cores.png 512w\" sizes=\"auto, (max-width: 45px) 100vw, 45px\" \/>Cores dispon\u00edveis:<\/strong> Conforme cat\u00e1logo de cores.<\/p>\n<p>&nbsp;<\/p>\n<p><strong>Mais informa\u00e7\u00f5es:<\/strong> Boletim T\u00e9cnico \u00a0 \u00a0 \u00a0 \u00a0 FISPQ<\/p>\n","protected":false},"excerpt":{"rendered":"<p>Tinta acr\u00edlica de acabamento fosco indicada para pintura de pisos ciment\u00edcios novos e repinturas, quadras poliesportivas novas e repinturas, demarca\u00e7\u00f5es de estacionamentos, cal\u00e7adas e \u00e1reas de seguran\u00e7a em geral. Ferramentas: Utilizar rolo de l\u00e3 perfil baixo ou m\u00e9dio, trincha de cerdas claras e finas para recortes, caso utilize equipamento de pistola com compressor e ou [&hellip;]<\/p>\n","protected":false},"featured_media":838,"comment_status":"open","ping_status":"closed","template":"","meta":[],"product_cat":[19],"product_tag":[32,29,26,27],"class_list":{"0":"post-532","1":"product","2":"type-product","3":"status-publish","4":"has-post-thumbnail","5":"hentry","6":"product_cat-tinta-piso","7":"product_tag-piso","8":"product_tag-resina-base-dagua","9":"product_tag-tintas","10":"product_tag-tintas-imobiliarias","12":"entry","13":"has-media","14":"owp-thumbs-layout-horizontal","15":"owp-btn-normal","16":"owp-tabs-layout-horizontal","17":"has-no-thumbnails","18":"has-product-nav"},"_links":{"self":[{"href":"https:\/\/tintasfabrisul.com.br\/index.php\/wp-json\/wp\/v2\/product\/532","targetHints":{"allow":["GET"]}}],"collection":[{"href":"https:\/\/tintasfabrisul.com.br\/index.php\/wp-json\/wp\/v2\/product"}],"about":[{"href":"https:\/\/tintasfabrisul.com.br\/index.php\/wp-json\/wp\/v2\/types\/product"}],"replies":[{"embeddable":true,"href":"https:\/\/tintasfabrisul.com.br\/index.php\/wp-json\/wp\/v2\/comments?post=532"}],"wp:featuredmedia":[{"embeddable":true,"href":"https:\/\/tintasfabrisul.com.br\/index.php\/wp-json\/wp\/v2\/media\/838"}],"wp:attachment":[{"href":"https:\/\/tintasfabrisul.com.br\/index.php\/wp-json\/wp\/v2\/media?parent=532"}],"wp:term":[{"taxonomy":"product_cat","embeddable":true,"href":"https:\/\/tintasfabrisul.com.br\/index.php\/wp-json\/wp\/v2\/product_cat?post=532"},{"taxonomy":"product_tag","embeddable":true,"href":"https:\/\/tintasfabrisul.com.br\/index.php\/wp-json\/wp\/v2\/product_tag?post=532"}],"curies":[{"name":"wp","href":"https:\/\/api.w.org\/{rel}","templated":true}]}}