{"id":546,"date":"2022-10-25T16:40:17","date_gmt":"2022-10-25T19:40:17","guid":{"rendered":"https:\/\/tintasfabrisul.com.br\/?post_type=product&#038;p=546"},"modified":"2022-11-30T16:40:33","modified_gmt":"2022-11-30T19:40:33","slug":"tinta-acrilica-premium","status":"publish","type":"product","link":"https:\/\/tintasfabrisul.com.br\/index.php\/produto\/tinta-acrilica-premium\/","title":{"rendered":"Tinta Acr\u00edlica Premium"},"content":{"rendered":"<p>Tinta acr\u00edlica Premium possui cobertura superior para ser aplicada sobre diversos tipos de superf\u00edcies, de alvenaria interna e externa, massa corrida, massa acr\u00edlica, placa ciment\u00edcia, placa de gesso tipo Drywall, gesso corrido, blocos de cimento estrutural, texturas em geral.<\/p>\n<p><strong><img loading=\"lazy\" decoding=\"async\" class=\"alignleft wp-image-647\" src=\"https:\/\/tintasfabrisul.com.br\/wp-content\/uploads\/2022\/10\/ferramenta-300x300.png\" alt=\"\" width=\"60\" height=\"60\" srcset=\"https:\/\/tintasfabrisul.com.br\/wp-content\/uploads\/2022\/10\/ferramenta-300x300.png 300w, https:\/\/tintasfabrisul.com.br\/wp-content\/uploads\/2022\/10\/ferramenta-1024x1024.png 1024w, https:\/\/tintasfabrisul.com.br\/wp-content\/uploads\/2022\/10\/ferramenta-150x150.png 150w, https:\/\/tintasfabrisul.com.br\/wp-content\/uploads\/2022\/10\/ferramenta-768x768.png 768w, https:\/\/tintasfabrisul.com.br\/wp-content\/uploads\/2022\/10\/ferramenta-1536x1536.png 1536w, https:\/\/tintasfabrisul.com.br\/wp-content\/uploads\/2022\/10\/ferramenta-600x600.png 600w, https:\/\/tintasfabrisul.com.br\/wp-content\/uploads\/2022\/10\/ferramenta-100x100.png 100w, https:\/\/tintasfabrisul.com.br\/wp-content\/uploads\/2022\/10\/ferramenta.png 1810w\" sizes=\"auto, (max-width: 60px) 100vw, 60px\" \/>Ferramentas: <\/strong>Utilizar rolo de l\u00e3 de carneiro perfil baixo antigota. Trinchas de cerdas claras ajudam no acabamento de recortes de portas e janelas. Pistola de ar e equipamentos de AirLess somente para profissionais com conhecimento t\u00e9cnico e pr\u00e1tico, pois requer uma s\u00e9rie de etapas.<\/p>\n<p>&nbsp;<\/p>\n<p><strong><img loading=\"lazy\" decoding=\"async\" class=\"wp-image-643 alignleft\" src=\"https:\/\/tintasfabrisul.com.br\/wp-content\/uploads\/2022\/10\/balde-de-tinta-1-300x300.png\" alt=\"\" width=\"50\" height=\"50\" srcset=\"https:\/\/tintasfabrisul.com.br\/wp-content\/uploads\/2022\/10\/balde-de-tinta-1-300x300.png 300w, https:\/\/tintasfabrisul.com.br\/wp-content\/uploads\/2022\/10\/balde-de-tinta-1-150x150.png 150w, https:\/\/tintasfabrisul.com.br\/wp-content\/uploads\/2022\/10\/balde-de-tinta-1-100x100.png 100w, https:\/\/tintasfabrisul.com.br\/wp-content\/uploads\/2022\/10\/balde-de-tinta-1.png 512w\" sizes=\"auto, (max-width: 50px) 100vw, 50px\" \/>Dilui\u00e7\u00e3o: <\/strong>Tinta Acr\u00edlica Premium j\u00e1 vem pronta para uso, por\u00e9m dependendo da superf\u00edcie, do acabamento desejado e do n\u00famero de dem\u00e3os, poder\u00e1 ser necess\u00e1rio uma dilui\u00e7\u00e3o ponderada sendo assim recomendamos: Alvenaria sem massa 10% dilu\u00edda com \u00e1gua pot\u00e1vel. Alvenaria com massa 10% a 50% na primeira dem\u00e3o, 10 a 30% nas demais dem\u00e3os. Alvenaria em repintura em bom estado diluir entre 10% e 30% nas duas dem\u00e3os. Repintura sobre Texturas diluir em 20% as duas dem\u00e3os.\u00a0<em>Obs: Sempre diluir com \u00e1gua limpa e pot\u00e1vel.<\/em><\/p>\n<p><strong><img loading=\"lazy\" decoding=\"async\" class=\"alignleft wp-image-642\" src=\"https:\/\/tintasfabrisul.com.br\/wp-content\/uploads\/2022\/10\/rolo-de-pintura-1-300x300.png\" alt=\"\" width=\"60\" height=\"60\" srcset=\"https:\/\/tintasfabrisul.com.br\/wp-content\/uploads\/2022\/10\/rolo-de-pintura-1-300x300.png 300w, https:\/\/tintasfabrisul.com.br\/wp-content\/uploads\/2022\/10\/rolo-de-pintura-1-150x150.png 150w, https:\/\/tintasfabrisul.com.br\/wp-content\/uploads\/2022\/10\/rolo-de-pintura-1-100x100.png 100w, https:\/\/tintasfabrisul.com.br\/wp-content\/uploads\/2022\/10\/rolo-de-pintura-1.png 512w\" sizes=\"auto, (max-width: 60px) 100vw, 60px\" \/>Dem\u00e3os: <\/strong>Geralmente aplica-se de duas a tr\u00eas dem\u00e3os para se alcan\u00e7ar a cobertura satisfat\u00f3ria, poder\u00e1 ser maior dependendo do tipo do piso, da cor escolhida e estado geral.<\/p>\n<p>&nbsp;<\/p>\n<p><strong><img loading=\"lazy\" decoding=\"async\" class=\"wp-image-641 alignleft\" src=\"https:\/\/tintasfabrisul.com.br\/wp-content\/uploads\/2022\/10\/pintura-1-300x300.png\" alt=\"\" width=\"50\" height=\"50\" srcset=\"https:\/\/tintasfabrisul.com.br\/wp-content\/uploads\/2022\/10\/pintura-1-300x300.png 300w, https:\/\/tintasfabrisul.com.br\/wp-content\/uploads\/2022\/10\/pintura-1-150x150.png 150w, https:\/\/tintasfabrisul.com.br\/wp-content\/uploads\/2022\/10\/pintura-1-100x100.png 100w, https:\/\/tintasfabrisul.com.br\/wp-content\/uploads\/2022\/10\/pintura-1.png 512w\" sizes=\"auto, (max-width: 50px) 100vw, 50px\" \/>Rendimento:<\/strong><strong>\u00a0<\/strong>Uma lata de 18 litros de tinta rende: Alvenaria nova sem massa: 100m\u00b2 a 120m\u00b2 acabada. Alvenaria nova com massa: 120m\u00b2 a 140m\u00b2 acabada. Alvenaria Repintura: 130m\u00b2 a 150m\u00b2 acabada. Placa ciment\u00edcia nova: 120m\u00b2 a 140m\u00b2 acabada. Placa de gesso novo: 120m\u00b2 a 140m\u00b2 acabada.<strong>\u00a0<\/strong><\/p>\n<p><strong><img loading=\"lazy\" decoding=\"async\" class=\"wp-image-641 alignleft\" src=\"https:\/\/tintasfabrisul.com.br\/wp-content\/uploads\/2022\/10\/pintura-1-300x300.png\" alt=\"\" width=\"50\" height=\"50\" srcset=\"https:\/\/tintasfabrisul.com.br\/wp-content\/uploads\/2022\/10\/pintura-1-300x300.png 300w, https:\/\/tintasfabrisul.com.br\/wp-content\/uploads\/2022\/10\/pintura-1-150x150.png 150w, https:\/\/tintasfabrisul.com.br\/wp-content\/uploads\/2022\/10\/pintura-1-100x100.png 100w, https:\/\/tintasfabrisul.com.br\/wp-content\/uploads\/2022\/10\/pintura-1.png 512w\" sizes=\"auto, (max-width: 50px) 100vw, 50px\" \/>Rendimento: <\/strong>\u00a0gal\u00e3o de 3,6L de tinta rende por dem\u00e3o: Alvenaria nova sem massa: 20m\u00b2 a 30m\u00b2 acabada. Alvenaria nova com massa: 30m\u00b2 a 40m\u00b2 acabada.\u00a0Alvenaria Repintura: 20m\u00b2 a 50m\u00b2 acabada. Placa ciment\u00edcia nova: 20m\u00b2 a 30m\u00b2 acabada.\u00a0Placa de gesso novo: 15m\u00b2 a 30m\u00b2 acabada.<\/p>\n<p><em>Sempre lembrando que este quantitativo pode haver varia\u00e7\u00f5es, pois \u00e9 te\u00f3rico, depende muito da superf\u00edcie, do profissional, da ferramenta utilizada, do tempo entre dem\u00e3os, da cor utilizada e do clima.<\/em><\/p>\n<p><strong><img loading=\"lazy\" decoding=\"async\" class=\"wp-image-646 alignleft\" src=\"https:\/\/tintasfabrisul.com.br\/wp-content\/uploads\/2022\/10\/relogio-com-sentido-horario-300x300.png\" alt=\"\" width=\"50\" height=\"50\" srcset=\"https:\/\/tintasfabrisul.com.br\/wp-content\/uploads\/2022\/10\/relogio-com-sentido-horario-300x300.png 300w, https:\/\/tintasfabrisul.com.br\/wp-content\/uploads\/2022\/10\/relogio-com-sentido-horario-150x150.png 150w, https:\/\/tintasfabrisul.com.br\/wp-content\/uploads\/2022\/10\/relogio-com-sentido-horario-100x100.png 100w, https:\/\/tintasfabrisul.com.br\/wp-content\/uploads\/2022\/10\/relogio-com-sentido-horario.png 512w\" sizes=\"auto, (max-width: 50px) 100vw, 50px\" \/>Secagem: <\/strong>Ao toque em torno de 30 minutos. \u00a0Entre dem\u00e3os 4 horas final 24 horas. N\u00e3o aplicar em dias chuvosos e frio e tamb\u00e9m sob sol intenso. Umidade a 75% a 22 graus. A cura final do filme da tinta aplicada ser\u00e1 de em m\u00e9dia geral 20 dias, neste per\u00edodo n\u00e3o expor a esfor\u00e7os a superf\u00edcie pintada, n\u00e3o limpar e aguardar a cura.<\/p>\n<p><strong><img loading=\"lazy\" decoding=\"async\" class=\"alignleft wp-image-644\" src=\"https:\/\/tintasfabrisul.com.br\/wp-content\/uploads\/2022\/10\/paleta-de-cores-300x300.png\" alt=\"\" width=\"45\" height=\"45\" srcset=\"https:\/\/tintasfabrisul.com.br\/wp-content\/uploads\/2022\/10\/paleta-de-cores-300x300.png 300w, https:\/\/tintasfabrisul.com.br\/wp-content\/uploads\/2022\/10\/paleta-de-cores-150x150.png 150w, https:\/\/tintasfabrisul.com.br\/wp-content\/uploads\/2022\/10\/paleta-de-cores-100x100.png 100w, https:\/\/tintasfabrisul.com.br\/wp-content\/uploads\/2022\/10\/paleta-de-cores.png 512w\" sizes=\"auto, (max-width: 45px) 100vw, 45px\" \/>Cores dispon\u00edveis:<\/strong> Conforme cat\u00e1logo de cores.<\/p>\n<p>&nbsp;<\/p>\n<p><strong>Mais informa\u00e7\u00f5es:<\/strong> Boletim T\u00e9cnico \u00a0 \u00a0 \u00a0 \u00a0 FISPQ<\/p>\n","protected":false},"excerpt":{"rendered":"<p>Tinta acr\u00edlica Premium possui cobertura superior para ser aplicada sobre diversos tipos de superf\u00edcies, de alvenaria interna e externa, massa corrida, massa acr\u00edlica, placa ciment\u00edcia, placa de gesso tipo Drywall, gesso corrido, blocos de cimento estrutural, texturas em geral. Ferramentas: Utilizar rolo de l\u00e3 de carneiro perfil baixo antigota. Trinchas de cerdas claras ajudam no [&hellip;]<\/p>\n","protected":false},"featured_media":842,"comment_status":"open","ping_status":"closed","template":"","meta":[],"product_cat":[18,45],"product_tag":[54,55,53,52,46,26,27],"class_list":{"0":"post-546","1":"product","2":"type-product","3":"status-publish","4":"has-post-thumbnail","5":"hentry","6":"product_cat-destaque","7":"product_cat-tinta-parede","8":"product_tag-fundo-preparador","9":"product_tag-liquibase","10":"product_tag-massa-acrilica","11":"product_tag-massa-corrida","12":"product_tag-premium","13":"product_tag-tintas","14":"product_tag-tintas-imobiliarias","16":"entry","17":"has-media","18":"owp-thumbs-layout-horizontal","19":"owp-btn-normal","20":"owp-tabs-layout-horizontal","21":"has-no-thumbnails","22":"has-product-nav"},"_links":{"self":[{"href":"https:\/\/tintasfabrisul.com.br\/index.php\/wp-json\/wp\/v2\/product\/546","targetHints":{"allow":["GET"]}}],"collection":[{"href":"https:\/\/tintasfabrisul.com.br\/index.php\/wp-json\/wp\/v2\/product"}],"about":[{"href":"https:\/\/tintasfabrisul.com.br\/index.php\/wp-json\/wp\/v2\/types\/product"}],"replies":[{"embeddable":true,"href":"https:\/\/tintasfabrisul.com.br\/index.php\/wp-json\/wp\/v2\/comments?post=546"}],"wp:featuredmedia":[{"embeddable":true,"href":"https:\/\/tintasfabrisul.com.br\/index.php\/wp-json\/wp\/v2\/media\/842"}],"wp:attachment":[{"href":"https:\/\/tintasfabrisul.com.br\/index.php\/wp-json\/wp\/v2\/media?parent=546"}],"wp:term":[{"taxonomy":"product_cat","embeddable":true,"href":"https:\/\/tintasfabrisul.com.br\/index.php\/wp-json\/wp\/v2\/product_cat?post=546"},{"taxonomy":"product_tag","embeddable":true,"href":"https:\/\/tintasfabrisul.com.br\/index.php\/wp-json\/wp\/v2\/product_tag?post=546"}],"curies":[{"name":"wp","href":"https:\/\/api.w.org\/{rel}","templated":true}]}}