{"id":551,"date":"2022-10-25T17:25:33","date_gmt":"2022-10-25T20:25:33","guid":{"rendered":"https:\/\/tintasfabrisul.com.br\/?post_type=product&#038;p=551"},"modified":"2022-10-30T22:13:44","modified_gmt":"2022-10-31T01:13:44","slug":"tinta-acrilica-emborrachada","status":"publish","type":"product","link":"https:\/\/tintasfabrisul.com.br\/index.php\/produto\/tinta-acrilica-emborrachada\/","title":{"rendered":"Tinta Acr\u00edlica Emborrachada"},"content":{"rendered":"<p>Tinta acr\u00edlica emborrachada Premium possui excelente cobertura e superior elasticidade, acompanhando os movimentos naturais da alvenaria encobrindo micro e pequenas fissuras de reboco tanto interno quanto externo, maior resist\u00eancia contra batidas de chuva \u00e9 ideal para proteger paredes de divisa, onde exista agressividade do intemperismo. Tamb\u00e9m podem receber esta tinta alvenaria interna e externa, massa corrida, massa acr\u00edlica, placa ciment\u00edcia, placa de gesso tipo Drywall, gesso corrido, revestimentos acr\u00edlicos como texturas em geral, outras \u00e1reas e superf\u00edcies consultar departamento t\u00e9cnico.<\/p>\n<p><strong><img loading=\"lazy\" decoding=\"async\" class=\"alignleft wp-image-647\" src=\"https:\/\/tintasfabrisul.com.br\/wp-content\/uploads\/2022\/10\/ferramenta-300x300.png\" alt=\"\" width=\"60\" height=\"60\" srcset=\"https:\/\/tintasfabrisul.com.br\/wp-content\/uploads\/2022\/10\/ferramenta-300x300.png 300w, https:\/\/tintasfabrisul.com.br\/wp-content\/uploads\/2022\/10\/ferramenta-1024x1024.png 1024w, https:\/\/tintasfabrisul.com.br\/wp-content\/uploads\/2022\/10\/ferramenta-150x150.png 150w, https:\/\/tintasfabrisul.com.br\/wp-content\/uploads\/2022\/10\/ferramenta-768x768.png 768w, https:\/\/tintasfabrisul.com.br\/wp-content\/uploads\/2022\/10\/ferramenta-1536x1536.png 1536w, https:\/\/tintasfabrisul.com.br\/wp-content\/uploads\/2022\/10\/ferramenta-600x600.png 600w, https:\/\/tintasfabrisul.com.br\/wp-content\/uploads\/2022\/10\/ferramenta-100x100.png 100w, https:\/\/tintasfabrisul.com.br\/wp-content\/uploads\/2022\/10\/ferramenta.png 1810w\" sizes=\"auto, (max-width: 60px) 100vw, 60px\" \/>Ferramentas: <\/strong>Utilizar rolo de l\u00e3 de carneiro perfil baixo antigotas. Trinchas de cerdas claras ajudam no acabamento de recortes de portas e janelas. Pistola de ar e equipamentos de AirLess somente para profissionais com conhecimento t\u00e9cnico e pr\u00e1tico, pois requer uma s\u00e9rie de etapas.<\/p>\n<p><strong><img loading=\"lazy\" decoding=\"async\" class=\"wp-image-643 alignleft\" src=\"https:\/\/tintasfabrisul.com.br\/wp-content\/uploads\/2022\/10\/balde-de-tinta-1-300x300.png\" alt=\"\" width=\"50\" height=\"50\" srcset=\"https:\/\/tintasfabrisul.com.br\/wp-content\/uploads\/2022\/10\/balde-de-tinta-1-300x300.png 300w, https:\/\/tintasfabrisul.com.br\/wp-content\/uploads\/2022\/10\/balde-de-tinta-1-150x150.png 150w, https:\/\/tintasfabrisul.com.br\/wp-content\/uploads\/2022\/10\/balde-de-tinta-1-100x100.png 100w, https:\/\/tintasfabrisul.com.br\/wp-content\/uploads\/2022\/10\/balde-de-tinta-1.png 512w\" sizes=\"auto, (max-width: 50px) 100vw, 50px\" \/>Dilui\u00e7\u00e3o: <\/strong>Tinta Acr\u00edlica Emborrachada Premium pronta para uso, mas caso necessite de dilui\u00e7\u00e3o: Alvenaria sem massa 10% dilu\u00edda com \u00e1gua pot\u00e1vel. Alvenaria com massa 10% a 50% na primeira dem\u00e3o, 10 a 30% nas demais dem\u00e3os. Alvenaria em repintura em bom estado diluir entre 10% e 30% nas tr\u00eas dem\u00e3os. Repintura sobre Texturas diluir em 20% as tr\u00eas dem\u00e3os.\u00a0<em>Obs: Sempre diluir com \u00e1gua limpa e pot\u00e1vel.<\/em><\/p>\n<p><strong><img loading=\"lazy\" decoding=\"async\" class=\"alignleft wp-image-642\" src=\"https:\/\/tintasfabrisul.com.br\/wp-content\/uploads\/2022\/10\/rolo-de-pintura-1-300x300.png\" alt=\"\" width=\"60\" height=\"60\" srcset=\"https:\/\/tintasfabrisul.com.br\/wp-content\/uploads\/2022\/10\/rolo-de-pintura-1-300x300.png 300w, https:\/\/tintasfabrisul.com.br\/wp-content\/uploads\/2022\/10\/rolo-de-pintura-1-150x150.png 150w, https:\/\/tintasfabrisul.com.br\/wp-content\/uploads\/2022\/10\/rolo-de-pintura-1-100x100.png 100w, https:\/\/tintasfabrisul.com.br\/wp-content\/uploads\/2022\/10\/rolo-de-pintura-1.png 512w\" sizes=\"auto, (max-width: 60px) 100vw, 60px\" \/>Dem\u00e3os: <\/strong>Geralmente aplica-se de duas a tr\u00eas dem\u00e3os para se alcan\u00e7ar a cobertura satisfat\u00f3ria, poder\u00e1 ser maior dependendo da superf\u00edcie, da cor escolhida e estado geral.<\/p>\n<p>&nbsp;<\/p>\n<p><strong><img loading=\"lazy\" decoding=\"async\" class=\"wp-image-641 alignleft\" src=\"https:\/\/tintasfabrisul.com.br\/wp-content\/uploads\/2022\/10\/pintura-1-300x300.png\" alt=\"\" width=\"50\" height=\"50\" srcset=\"https:\/\/tintasfabrisul.com.br\/wp-content\/uploads\/2022\/10\/pintura-1-300x300.png 300w, https:\/\/tintasfabrisul.com.br\/wp-content\/uploads\/2022\/10\/pintura-1-150x150.png 150w, https:\/\/tintasfabrisul.com.br\/wp-content\/uploads\/2022\/10\/pintura-1-100x100.png 100w, https:\/\/tintasfabrisul.com.br\/wp-content\/uploads\/2022\/10\/pintura-1.png 512w\" sizes=\"auto, (max-width: 50px) 100vw, 50px\" \/>Rendimento:<\/strong>\u00a0Lata de 18 litros de tinta rende parede acabada. Alvenaria nova sem massa: 62m<sup>2<\/sup>.Alvenaria nova com massa: 75m<sup>2<\/sup>. Alvenaria Repintura: 85m<sup>2<\/sup>. Placa ciment\u00edcia nova: 62m<sup>2<\/sup>. Placa de gesso novo: 62m<sup>2<\/sup><strong>.<\/strong><\/p>\n<p><strong><img loading=\"lazy\" decoding=\"async\" class=\"wp-image-641 alignleft\" src=\"https:\/\/tintasfabrisul.com.br\/wp-content\/uploads\/2022\/10\/pintura-1-300x300.png\" alt=\"\" width=\"50\" height=\"50\" srcset=\"https:\/\/tintasfabrisul.com.br\/wp-content\/uploads\/2022\/10\/pintura-1-300x300.png 300w, https:\/\/tintasfabrisul.com.br\/wp-content\/uploads\/2022\/10\/pintura-1-150x150.png 150w, https:\/\/tintasfabrisul.com.br\/wp-content\/uploads\/2022\/10\/pintura-1-100x100.png 100w, https:\/\/tintasfabrisul.com.br\/wp-content\/uploads\/2022\/10\/pintura-1.png 512w\" sizes=\"auto, (max-width: 50px) 100vw, 50px\" \/>Rendimento: <\/strong>\u00a0Gal\u00e3o de 3,6L de tinta rende parede acabada.\u00a0Alvenaria nova sem massa: 12m<sup>2<\/sup>. Alvenaria nova com massa: 15m<sup>2<\/sup>. Alvenaria Repintura: 17m<sup>2<\/sup>. Placa ciment\u00edcia nova: 12m<sup>2<\/sup>. Placa de gesso novo: 12m<sup>2<\/sup>.<\/p>\n<p><em>Sempre lembrando que este quantitativo pode haver varia\u00e7\u00f5es, pois \u00e9 te\u00f3rico, depende muito da superf\u00edcie, do profissional, da ferramenta utilizada, do tempo entre dem\u00e3os, da cor utilizada e do clima.<\/em><\/p>\n<p><strong><img loading=\"lazy\" decoding=\"async\" class=\"wp-image-646 alignleft\" src=\"https:\/\/tintasfabrisul.com.br\/wp-content\/uploads\/2022\/10\/relogio-com-sentido-horario-300x300.png\" alt=\"\" width=\"50\" height=\"50\" srcset=\"https:\/\/tintasfabrisul.com.br\/wp-content\/uploads\/2022\/10\/relogio-com-sentido-horario-300x300.png 300w, https:\/\/tintasfabrisul.com.br\/wp-content\/uploads\/2022\/10\/relogio-com-sentido-horario-150x150.png 150w, https:\/\/tintasfabrisul.com.br\/wp-content\/uploads\/2022\/10\/relogio-com-sentido-horario-100x100.png 100w, https:\/\/tintasfabrisul.com.br\/wp-content\/uploads\/2022\/10\/relogio-com-sentido-horario.png 512w\" sizes=\"auto, (max-width: 50px) 100vw, 50px\" \/>Secagem: <\/strong>Ao toque em torno de 30 minutos. \u00a0Entre dem\u00e3os 4 horas e final 24 horas. N\u00e3o aplicar em dias chuvosos, frio e tamb\u00e9m sob sol intenso. Umidade a 75% a 22 graus. A cura final do filme da tinta aplicada ser\u00e1 de em m\u00e9dia geral 20 dias, neste per\u00edodo n\u00e3o expor a esfor\u00e7os a superf\u00edcie pintada, n\u00e3o limpar e aguardar a cura.<\/p>\n<p><strong><img loading=\"lazy\" decoding=\"async\" class=\"alignleft wp-image-644\" src=\"https:\/\/tintasfabrisul.com.br\/wp-content\/uploads\/2022\/10\/paleta-de-cores-300x300.png\" alt=\"\" width=\"45\" height=\"45\" srcset=\"https:\/\/tintasfabrisul.com.br\/wp-content\/uploads\/2022\/10\/paleta-de-cores-300x300.png 300w, https:\/\/tintasfabrisul.com.br\/wp-content\/uploads\/2022\/10\/paleta-de-cores-150x150.png 150w, https:\/\/tintasfabrisul.com.br\/wp-content\/uploads\/2022\/10\/paleta-de-cores-100x100.png 100w, https:\/\/tintasfabrisul.com.br\/wp-content\/uploads\/2022\/10\/paleta-de-cores.png 512w\" sizes=\"auto, (max-width: 45px) 100vw, 45px\" \/>Cores dispon\u00edveis:<\/strong> Conforme cat\u00e1logo de cores.<\/p>\n<p>&nbsp;<\/p>\n<p><strong>Mais informa\u00e7\u00f5es:<\/strong> Boletim T\u00e9cnico \u00a0 \u00a0 \u00a0 \u00a0 FISPQ<\/p>\n","protected":false},"excerpt":{"rendered":"<p>Tinta acr\u00edlica emborrachada Premium possui excelente cobertura e superior elasticidade, acompanhando os movimentos naturais da alvenaria encobrindo micro e pequenas fissuras de reboco tanto interno quanto externo, maior resist\u00eancia contra batidas de chuva \u00e9 ideal para proteger paredes de divisa, onde exista agressividade do intemperismo. Tamb\u00e9m podem receber esta tinta alvenaria interna e externa, massa [&hellip;]<\/p>\n","protected":false},"featured_media":552,"comment_status":"open","ping_status":"closed","template":"","meta":[],"product_cat":[45],"product_tag":[49,56,50,51,48,26,27],"class_list":{"0":"post-551","1":"product","2":"type-product","3":"status-publish","4":"has-post-thumbnail","5":"hentry","6":"product_cat-tinta-parede","7":"product_tag-acrilica","8":"product_tag-emborrachada","9":"product_tag-especial","10":"product_tag-fundo-preparado","11":"product_tag-massa","12":"product_tag-tintas","13":"product_tag-tintas-imobiliarias","15":"entry","16":"has-media","17":"owp-thumbs-layout-horizontal","18":"owp-btn-normal","19":"owp-tabs-layout-horizontal","20":"has-no-thumbnails","21":"has-product-nav"},"_links":{"self":[{"href":"https:\/\/tintasfabrisul.com.br\/index.php\/wp-json\/wp\/v2\/product\/551","targetHints":{"allow":["GET"]}}],"collection":[{"href":"https:\/\/tintasfabrisul.com.br\/index.php\/wp-json\/wp\/v2\/product"}],"about":[{"href":"https:\/\/tintasfabrisul.com.br\/index.php\/wp-json\/wp\/v2\/types\/product"}],"replies":[{"embeddable":true,"href":"https:\/\/tintasfabrisul.com.br\/index.php\/wp-json\/wp\/v2\/comments?post=551"}],"wp:featuredmedia":[{"embeddable":true,"href":"https:\/\/tintasfabrisul.com.br\/index.php\/wp-json\/wp\/v2\/media\/552"}],"wp:attachment":[{"href":"https:\/\/tintasfabrisul.com.br\/index.php\/wp-json\/wp\/v2\/media?parent=551"}],"wp:term":[{"taxonomy":"product_cat","embeddable":true,"href":"https:\/\/tintasfabrisul.com.br\/index.php\/wp-json\/wp\/v2\/product_cat?post=551"},{"taxonomy":"product_tag","embeddable":true,"href":"https:\/\/tintasfabrisul.com.br\/index.php\/wp-json\/wp\/v2\/product_tag?post=551"}],"curies":[{"name":"wp","href":"https:\/\/api.w.org\/{rel}","templated":true}]}}