{"id":555,"date":"2022-10-26T08:25:30","date_gmt":"2022-10-26T11:25:30","guid":{"rendered":"https:\/\/tintasfabrisul.com.br\/?post_type=product&#038;p=555"},"modified":"2022-10-30T22:49:33","modified_gmt":"2022-10-31T01:49:33","slug":"tinta-revestimento","status":"publish","type":"product","link":"https:\/\/tintasfabrisul.com.br\/index.php\/produto\/tinta-revestimento\/","title":{"rendered":"Tinta Revestimento"},"content":{"rendered":"<p>Tinta acr\u00edlica fosca com hidrorepel\u00eancia, formulada especialmente para revestimentos acr\u00edlicos, texturas em geral, possui \u00f3tima cobertura de f\u00e1cil aplica\u00e7\u00e3o. Sua f\u00f3rmula oferece renova\u00e7\u00e3o de cor, resist\u00eancia e durabilidade contra o intemperismo, sem perder o efeito da textura aplicada.<\/p>\n<p><strong><img loading=\"lazy\" decoding=\"async\" class=\"alignleft wp-image-647\" src=\"https:\/\/tintasfabrisul.com.br\/wp-content\/uploads\/2022\/10\/ferramenta-300x300.png\" alt=\"\" width=\"60\" height=\"60\" srcset=\"https:\/\/tintasfabrisul.com.br\/wp-content\/uploads\/2022\/10\/ferramenta-300x300.png 300w, https:\/\/tintasfabrisul.com.br\/wp-content\/uploads\/2022\/10\/ferramenta-1024x1024.png 1024w, https:\/\/tintasfabrisul.com.br\/wp-content\/uploads\/2022\/10\/ferramenta-150x150.png 150w, https:\/\/tintasfabrisul.com.br\/wp-content\/uploads\/2022\/10\/ferramenta-768x768.png 768w, https:\/\/tintasfabrisul.com.br\/wp-content\/uploads\/2022\/10\/ferramenta-1536x1536.png 1536w, https:\/\/tintasfabrisul.com.br\/wp-content\/uploads\/2022\/10\/ferramenta-600x600.png 600w, https:\/\/tintasfabrisul.com.br\/wp-content\/uploads\/2022\/10\/ferramenta-100x100.png 100w, https:\/\/tintasfabrisul.com.br\/wp-content\/uploads\/2022\/10\/ferramenta.png 1810w\" sizes=\"auto, (max-width: 60px) 100vw, 60px\" \/>Ferramentas: <\/strong>Utilizar rolo de l\u00e3 de carneiro perfil m\u00e9dio ou alto. Trinchas de cerdas claras ajudam no acabamento de recortes de portas e janelas. Pistola de ar e equipamentos de AirLess somente para profissionais com conhecimento t\u00e9cnico e pr\u00e1tico.<\/p>\n<p>&nbsp;<\/p>\n<p><strong><img loading=\"lazy\" decoding=\"async\" class=\"wp-image-643 alignleft\" src=\"https:\/\/tintasfabrisul.com.br\/wp-content\/uploads\/2022\/10\/balde-de-tinta-1-300x300.png\" alt=\"\" width=\"50\" height=\"50\" srcset=\"https:\/\/tintasfabrisul.com.br\/wp-content\/uploads\/2022\/10\/balde-de-tinta-1-300x300.png 300w, https:\/\/tintasfabrisul.com.br\/wp-content\/uploads\/2022\/10\/balde-de-tinta-1-150x150.png 150w, https:\/\/tintasfabrisul.com.br\/wp-content\/uploads\/2022\/10\/balde-de-tinta-1-100x100.png 100w, https:\/\/tintasfabrisul.com.br\/wp-content\/uploads\/2022\/10\/balde-de-tinta-1.png 512w\" sizes=\"auto, (max-width: 50px) 100vw, 50px\" \/>Dilui\u00e7\u00e3o: <\/strong>Tinta Acr\u00edlica Revestimentos j\u00e1 vem pronta para uso, podendo ser dilu\u00edda em fun\u00e7\u00e3o de fatores como, rugosidade, porosidade, absor\u00e7\u00e3o e estado geral da superf\u00edcie. Texturas Roladas 20% em todas as dem\u00e3os. Texturas R\u00fasticas 20% em todas as dem\u00e3os. Texturas Projetadas 10% em todas as dem\u00e3os.\u00a0<em>Obs: Sempre diluir com \u00e1gua limpa e pot\u00e1vel.<\/em><\/p>\n<p><strong><img loading=\"lazy\" decoding=\"async\" class=\"alignleft wp-image-642\" src=\"https:\/\/tintasfabrisul.com.br\/wp-content\/uploads\/2022\/10\/rolo-de-pintura-1-300x300.png\" alt=\"\" width=\"60\" height=\"60\" srcset=\"https:\/\/tintasfabrisul.com.br\/wp-content\/uploads\/2022\/10\/rolo-de-pintura-1-300x300.png 300w, https:\/\/tintasfabrisul.com.br\/wp-content\/uploads\/2022\/10\/rolo-de-pintura-1-150x150.png 150w, https:\/\/tintasfabrisul.com.br\/wp-content\/uploads\/2022\/10\/rolo-de-pintura-1-100x100.png 100w, https:\/\/tintasfabrisul.com.br\/wp-content\/uploads\/2022\/10\/rolo-de-pintura-1.png 512w\" sizes=\"auto, (max-width: 60px) 100vw, 60px\" \/>Dem\u00e3os: <\/strong>Geralmente aplica-se 2 dem\u00e3os para conseguir a cobertura satisfat\u00f3ria, por\u00e9m dependendo de a \u00e1rea ser mais cr\u00edtica e agressiva \u00e9 coerente aplicar 3 dem\u00e3os, principalmente em muros e paredes de divisa expostos ao tempo.<\/p>\n<p>&nbsp;<\/p>\n<p><strong><img loading=\"lazy\" decoding=\"async\" class=\"wp-image-641 alignleft\" src=\"https:\/\/tintasfabrisul.com.br\/wp-content\/uploads\/2022\/10\/pintura-1-300x300.png\" alt=\"\" width=\"50\" height=\"50\" srcset=\"https:\/\/tintasfabrisul.com.br\/wp-content\/uploads\/2022\/10\/pintura-1-300x300.png 300w, https:\/\/tintasfabrisul.com.br\/wp-content\/uploads\/2022\/10\/pintura-1-150x150.png 150w, https:\/\/tintasfabrisul.com.br\/wp-content\/uploads\/2022\/10\/pintura-1-100x100.png 100w, https:\/\/tintasfabrisul.com.br\/wp-content\/uploads\/2022\/10\/pintura-1.png 512w\" sizes=\"auto, (max-width: 50px) 100vw, 50px\" \/>Rendimento:<\/strong> Lata 18Litros rende: Textura Rolada 140m\u00b2 acabado. Textura R\u00fastica 140m\u00b2 acabado. Textura projetada 120m\u00b2 acabado.<\/p>\n<p>&nbsp;<\/p>\n<p><strong><img loading=\"lazy\" decoding=\"async\" class=\"wp-image-641 alignleft\" src=\"https:\/\/tintasfabrisul.com.br\/wp-content\/uploads\/2022\/10\/pintura-1-300x300.png\" alt=\"\" width=\"50\" height=\"50\" srcset=\"https:\/\/tintasfabrisul.com.br\/wp-content\/uploads\/2022\/10\/pintura-1-300x300.png 300w, https:\/\/tintasfabrisul.com.br\/wp-content\/uploads\/2022\/10\/pintura-1-150x150.png 150w, https:\/\/tintasfabrisul.com.br\/wp-content\/uploads\/2022\/10\/pintura-1-100x100.png 100w, https:\/\/tintasfabrisul.com.br\/wp-content\/uploads\/2022\/10\/pintura-1.png 512w\" sizes=\"auto, (max-width: 50px) 100vw, 50px\" \/>Rendimento: <\/strong>Gal\u00e3o 3,6Litros rende: Textura Rolada 30m\u00b2 acabado. Textura R\u00fastica 30m\u00b2 acabado. Textura projetada 25m\u00b2 acabado. <em>Sempre lembrando que este quantitativo pode haver varia\u00e7\u00f5es, pois \u00e9 te\u00f3rico, depende muito da superf\u00edcie, do profissional, da ferramenta utilizada, do tempo entre dem\u00e3os, da cor utilizada e do clima.<\/em><\/p>\n<p><strong><img loading=\"lazy\" decoding=\"async\" class=\"wp-image-646 alignleft\" src=\"https:\/\/tintasfabrisul.com.br\/wp-content\/uploads\/2022\/10\/relogio-com-sentido-horario-300x300.png\" alt=\"\" width=\"50\" height=\"50\" srcset=\"https:\/\/tintasfabrisul.com.br\/wp-content\/uploads\/2022\/10\/relogio-com-sentido-horario-300x300.png 300w, https:\/\/tintasfabrisul.com.br\/wp-content\/uploads\/2022\/10\/relogio-com-sentido-horario-150x150.png 150w, https:\/\/tintasfabrisul.com.br\/wp-content\/uploads\/2022\/10\/relogio-com-sentido-horario-100x100.png 100w, https:\/\/tintasfabrisul.com.br\/wp-content\/uploads\/2022\/10\/relogio-com-sentido-horario.png 512w\" sizes=\"auto, (max-width: 50px) 100vw, 50px\" \/>Secagem: <\/strong>Ao toque em torno de 30 minutos.\u00a0 Entre dem\u00e3os 8 horas e secagem total 24 horas. N\u00e3o aplicar em dias chuvosos e frio. Umidade de 75% e 22 graus. A cura final do filme da tinta aplicada ser\u00e1 de em m\u00e9dia geral 20 dias, neste per\u00edodo n\u00e3o expor a esfor\u00e7os a superf\u00edcie pintada, n\u00e3o limpar e aguardar a cura.<\/p>\n<p><strong><img loading=\"lazy\" decoding=\"async\" class=\"alignleft wp-image-644\" src=\"https:\/\/tintasfabrisul.com.br\/wp-content\/uploads\/2022\/10\/paleta-de-cores-300x300.png\" alt=\"\" width=\"45\" height=\"45\" srcset=\"https:\/\/tintasfabrisul.com.br\/wp-content\/uploads\/2022\/10\/paleta-de-cores-300x300.png 300w, https:\/\/tintasfabrisul.com.br\/wp-content\/uploads\/2022\/10\/paleta-de-cores-150x150.png 150w, https:\/\/tintasfabrisul.com.br\/wp-content\/uploads\/2022\/10\/paleta-de-cores-100x100.png 100w, https:\/\/tintasfabrisul.com.br\/wp-content\/uploads\/2022\/10\/paleta-de-cores.png 512w\" sizes=\"auto, (max-width: 45px) 100vw, 45px\" \/>Cores dispon\u00edveis:<\/strong> Conforme cat\u00e1logo de cores.<\/p>\n<p>&nbsp;<\/p>\n<p><strong>Mais informa\u00e7\u00f5es:<\/strong> Boletim T\u00e9cnico \u00a0 \u00a0 \u00a0 \u00a0 FISPQ<\/p>\n","protected":false},"excerpt":{"rendered":"<p>Tinta acr\u00edlica fosca com hidrorepel\u00eancia, formulada especialmente para revestimentos acr\u00edlicos, texturas em geral, possui \u00f3tima cobertura de f\u00e1cil aplica\u00e7\u00e3o. Sua f\u00f3rmula oferece renova\u00e7\u00e3o de cor, resist\u00eancia e durabilidade contra o intemperismo, sem perder o efeito da textura aplicada. Ferramentas: Utilizar rolo de l\u00e3 de carneiro perfil m\u00e9dio ou alto. Trinchas de cerdas claras ajudam no [&hellip;]<\/p>\n","protected":false},"featured_media":556,"comment_status":"open","ping_status":"closed","template":"","meta":[],"product_cat":[18,45,90],"product_tag":[49,50,51,60,58,48,57,61,59,26,27],"class_list":{"0":"post-555","1":"product","2":"type-product","3":"status-publish","4":"has-post-thumbnail","5":"hentry","6":"product_cat-destaque","7":"product_cat-tinta-parede","8":"product_cat-revestimentos-texturas","9":"product_tag-acrilica","10":"product_tag-especial","11":"product_tag-fundo-preparado","12":"product_tag-grafillar","13":"product_tag-liguibase","14":"product_tag-massa","15":"product_tag-pva","16":"product_tag-realgraf","17":"product_tag-realtex","18":"product_tag-tintas","19":"product_tag-tintas-imobiliarias","21":"entry","22":"has-media","23":"owp-thumbs-layout-horizontal","24":"owp-btn-normal","25":"owp-tabs-layout-horizontal","26":"has-no-thumbnails","27":"has-product-nav"},"_links":{"self":[{"href":"https:\/\/tintasfabrisul.com.br\/index.php\/wp-json\/wp\/v2\/product\/555","targetHints":{"allow":["GET"]}}],"collection":[{"href":"https:\/\/tintasfabrisul.com.br\/index.php\/wp-json\/wp\/v2\/product"}],"about":[{"href":"https:\/\/tintasfabrisul.com.br\/index.php\/wp-json\/wp\/v2\/types\/product"}],"replies":[{"embeddable":true,"href":"https:\/\/tintasfabrisul.com.br\/index.php\/wp-json\/wp\/v2\/comments?post=555"}],"wp:featuredmedia":[{"embeddable":true,"href":"https:\/\/tintasfabrisul.com.br\/index.php\/wp-json\/wp\/v2\/media\/556"}],"wp:attachment":[{"href":"https:\/\/tintasfabrisul.com.br\/index.php\/wp-json\/wp\/v2\/media?parent=555"}],"wp:term":[{"taxonomy":"product_cat","embeddable":true,"href":"https:\/\/tintasfabrisul.com.br\/index.php\/wp-json\/wp\/v2\/product_cat?post=555"},{"taxonomy":"product_tag","embeddable":true,"href":"https:\/\/tintasfabrisul.com.br\/index.php\/wp-json\/wp\/v2\/product_tag?post=555"}],"curies":[{"name":"wp","href":"https:\/\/api.w.org\/{rel}","templated":true}]}}