{"id":588,"date":"2022-10-26T13:54:57","date_gmt":"2022-10-26T16:54:57","guid":{"rendered":"https:\/\/tintasfabrisul.com.br\/?post_type=product&#038;p=588"},"modified":"2022-11-30T11:20:25","modified_gmt":"2022-11-30T14:20:25","slug":"selador-acrilico","status":"publish","type":"product","link":"https:\/\/tintasfabrisul.com.br\/index.php\/produto\/selador-acrilico\/","title":{"rendered":"Selador Acr\u00edlico"},"content":{"rendered":"<p>Produto a base de \u00e1gua, branco e leitoso indicado para ser aplicado sobre reboco novo e curado com 28 dias, servindo como fundo antes da aplica\u00e7\u00e3o da massa de corre\u00e7\u00e3o, PVA ou Acr\u00edlica, at\u00e9 mesmo da tinta final caso n\u00e3o utilize massa, pois promover\u00e1 melhor desempenho ao acabamento final.<\/p>\n<p><strong><img loading=\"lazy\" decoding=\"async\" class=\"alignleft wp-image-647\" src=\"https:\/\/tintasfabrisul.com.br\/wp-content\/uploads\/2022\/10\/ferramenta-300x300.png\" alt=\"\" width=\"60\" height=\"60\" srcset=\"https:\/\/tintasfabrisul.com.br\/wp-content\/uploads\/2022\/10\/ferramenta-300x300.png 300w, https:\/\/tintasfabrisul.com.br\/wp-content\/uploads\/2022\/10\/ferramenta-1024x1024.png 1024w, https:\/\/tintasfabrisul.com.br\/wp-content\/uploads\/2022\/10\/ferramenta-150x150.png 150w, https:\/\/tintasfabrisul.com.br\/wp-content\/uploads\/2022\/10\/ferramenta-768x768.png 768w, https:\/\/tintasfabrisul.com.br\/wp-content\/uploads\/2022\/10\/ferramenta-1536x1536.png 1536w, https:\/\/tintasfabrisul.com.br\/wp-content\/uploads\/2022\/10\/ferramenta-600x600.png 600w, https:\/\/tintasfabrisul.com.br\/wp-content\/uploads\/2022\/10\/ferramenta-100x100.png 100w, https:\/\/tintasfabrisul.com.br\/wp-content\/uploads\/2022\/10\/ferramenta.png 1810w\" sizes=\"auto, (max-width: 60px) 100vw, 60px\" \/>Ferramentas: <\/strong>Rolo de l\u00e3 perfil alto ou m\u00e9dio e trincha de cor clara.<\/p>\n<p>&nbsp;<\/p>\n<p><strong><img loading=\"lazy\" decoding=\"async\" class=\"wp-image-643 alignleft\" src=\"https:\/\/tintasfabrisul.com.br\/wp-content\/uploads\/2022\/10\/balde-de-tinta-1-300x300.png\" alt=\"\" width=\"50\" height=\"50\" srcset=\"https:\/\/tintasfabrisul.com.br\/wp-content\/uploads\/2022\/10\/balde-de-tinta-1-300x300.png 300w, https:\/\/tintasfabrisul.com.br\/wp-content\/uploads\/2022\/10\/balde-de-tinta-1-150x150.png 150w, https:\/\/tintasfabrisul.com.br\/wp-content\/uploads\/2022\/10\/balde-de-tinta-1-100x100.png 100w, https:\/\/tintasfabrisul.com.br\/wp-content\/uploads\/2022\/10\/balde-de-tinta-1.png 512w\" sizes=\"auto, (max-width: 50px) 100vw, 50px\" \/>Dilui\u00e7\u00e3o: <\/strong>de 10% a 30% com \u00e1gua pot\u00e1vel. Outras superf\u00edcies consultar departamento t\u00e9cnico Fabrisul.\u00a0<em>Obs: Sempre diluir com \u00e1gua limpa e pot\u00e1vel.<\/em><\/p>\n<p>&nbsp;<\/p>\n<p><strong><img loading=\"lazy\" decoding=\"async\" class=\"alignleft wp-image-642\" src=\"https:\/\/tintasfabrisul.com.br\/wp-content\/uploads\/2022\/10\/rolo-de-pintura-1-300x300.png\" alt=\"\" width=\"60\" height=\"60\" srcset=\"https:\/\/tintasfabrisul.com.br\/wp-content\/uploads\/2022\/10\/rolo-de-pintura-1-300x300.png 300w, https:\/\/tintasfabrisul.com.br\/wp-content\/uploads\/2022\/10\/rolo-de-pintura-1-150x150.png 150w, https:\/\/tintasfabrisul.com.br\/wp-content\/uploads\/2022\/10\/rolo-de-pintura-1-100x100.png 100w, https:\/\/tintasfabrisul.com.br\/wp-content\/uploads\/2022\/10\/rolo-de-pintura-1.png 512w\" sizes=\"auto, (max-width: 60px) 100vw, 60px\" \/>Dem\u00e3os: <\/strong>Geralmente aplica-se uma dem\u00e3o, por\u00e9m dependendo da rugosidade da superf\u00edcie e absor\u00e7\u00e3o, poder\u00e1 ser necess\u00e1rio um n\u00famero maior de dem\u00e3os.<\/p>\n<p>&nbsp;<\/p>\n<p><strong><img loading=\"lazy\" decoding=\"async\" class=\"wp-image-641 alignleft\" src=\"https:\/\/tintasfabrisul.com.br\/wp-content\/uploads\/2022\/10\/pintura-1-300x300.png\" alt=\"\" width=\"50\" height=\"50\" srcset=\"https:\/\/tintasfabrisul.com.br\/wp-content\/uploads\/2022\/10\/pintura-1-300x300.png 300w, https:\/\/tintasfabrisul.com.br\/wp-content\/uploads\/2022\/10\/pintura-1-150x150.png 150w, https:\/\/tintasfabrisul.com.br\/wp-content\/uploads\/2022\/10\/pintura-1-100x100.png 100w, https:\/\/tintasfabrisul.com.br\/wp-content\/uploads\/2022\/10\/pintura-1.png 512w\" sizes=\"auto, (max-width: 50px) 100vw, 50px\" \/>Rendimento: <\/strong>Reboco novo lata de 18 litros 120m\u00b2 acabado. Reboco gal\u00e3o 3,6litros 20m\u00b2 acabado.\u00a0<em>Sempre lembrando que este quantitativo pode haver varia\u00e7\u00f5es, pois \u00e9 te\u00f3rico, depende muito da superf\u00edcie, do profissional, da ferramenta utilizada e do clima.<\/em><\/p>\n<p><strong><img loading=\"lazy\" decoding=\"async\" class=\"wp-image-646 alignleft\" src=\"https:\/\/tintasfabrisul.com.br\/wp-content\/uploads\/2022\/10\/relogio-com-sentido-horario-300x300.png\" alt=\"\" width=\"50\" height=\"50\" srcset=\"https:\/\/tintasfabrisul.com.br\/wp-content\/uploads\/2022\/10\/relogio-com-sentido-horario-300x300.png 300w, https:\/\/tintasfabrisul.com.br\/wp-content\/uploads\/2022\/10\/relogio-com-sentido-horario-150x150.png 150w, https:\/\/tintasfabrisul.com.br\/wp-content\/uploads\/2022\/10\/relogio-com-sentido-horario-100x100.png 100w, https:\/\/tintasfabrisul.com.br\/wp-content\/uploads\/2022\/10\/relogio-com-sentido-horario.png 512w\" sizes=\"auto, (max-width: 50px) 100vw, 50px\" \/>Secagem: <\/strong>Ao toque 1 hora, entre dem\u00e3os 02 horas, final 8 horas, umidade relativa do ar deve estar em torno de 75% e temperatura pr\u00f3xima de 22 graus, n\u00e3o aplicar com chuva e abaixo de 10 graus.<\/p>\n<p><strong><img loading=\"lazy\" decoding=\"async\" class=\"alignleft wp-image-644\" src=\"https:\/\/tintasfabrisul.com.br\/wp-content\/uploads\/2022\/10\/paleta-de-cores-300x300.png\" alt=\"\" width=\"45\" height=\"45\" srcset=\"https:\/\/tintasfabrisul.com.br\/wp-content\/uploads\/2022\/10\/paleta-de-cores-300x300.png 300w, https:\/\/tintasfabrisul.com.br\/wp-content\/uploads\/2022\/10\/paleta-de-cores-150x150.png 150w, https:\/\/tintasfabrisul.com.br\/wp-content\/uploads\/2022\/10\/paleta-de-cores-100x100.png 100w, https:\/\/tintasfabrisul.com.br\/wp-content\/uploads\/2022\/10\/paleta-de-cores.png 512w\" sizes=\"auto, (max-width: 45px) 100vw, 45px\" \/>Cores dispon\u00edveis:<\/strong> Conforme cat\u00e1logo de cores.<\/p>\n<p>&nbsp;<\/p>\n<p><strong>Mais informa\u00e7\u00f5es:<\/strong> Boletim T\u00e9cnico \u00a0 \u00a0 \u00a0 \u00a0 FISPQ<\/p>\n","protected":false},"excerpt":{"rendered":"<p>Produto a base de \u00e1gua, branco e leitoso indicado para ser aplicado sobre reboco novo e curado com 28 dias, servindo como fundo antes da aplica\u00e7\u00e3o da massa de corre\u00e7\u00e3o, PVA ou Acr\u00edlica, at\u00e9 mesmo da tinta final caso n\u00e3o utilize massa, pois promover\u00e1 melhor desempenho ao acabamento final. Ferramentas: Rolo de l\u00e3 perfil alto [&hellip;]<\/p>\n","protected":false},"featured_media":839,"comment_status":"open","ping_status":"closed","template":"","meta":[],"product_cat":[62],"product_tag":[49,64,50,51,48,65,57,70,69,26,63],"class_list":{"0":"post-588","1":"product","2":"type-product","3":"status-publish","4":"has-post-thumbnail","5":"hentry","6":"product_cat-base-agua","7":"product_tag-acrilica","8":"product_tag-base-agua","9":"product_tag-especial","10":"product_tag-fundo-preparado","11":"product_tag-massa","12":"product_tag-parede","13":"product_tag-pva","14":"product_tag-selador","15":"product_tag-selatex","16":"product_tag-tintas","17":"product_tag-verniz","19":"entry","20":"has-media","21":"owp-thumbs-layout-horizontal","22":"owp-btn-normal","23":"owp-tabs-layout-horizontal","24":"has-no-thumbnails","25":"has-product-nav"},"_links":{"self":[{"href":"https:\/\/tintasfabrisul.com.br\/index.php\/wp-json\/wp\/v2\/product\/588","targetHints":{"allow":["GET"]}}],"collection":[{"href":"https:\/\/tintasfabrisul.com.br\/index.php\/wp-json\/wp\/v2\/product"}],"about":[{"href":"https:\/\/tintasfabrisul.com.br\/index.php\/wp-json\/wp\/v2\/types\/product"}],"replies":[{"embeddable":true,"href":"https:\/\/tintasfabrisul.com.br\/index.php\/wp-json\/wp\/v2\/comments?post=588"}],"wp:featuredmedia":[{"embeddable":true,"href":"https:\/\/tintasfabrisul.com.br\/index.php\/wp-json\/wp\/v2\/media\/839"}],"wp:attachment":[{"href":"https:\/\/tintasfabrisul.com.br\/index.php\/wp-json\/wp\/v2\/media?parent=588"}],"wp:term":[{"taxonomy":"product_cat","embeddable":true,"href":"https:\/\/tintasfabrisul.com.br\/index.php\/wp-json\/wp\/v2\/product_cat?post=588"},{"taxonomy":"product_tag","embeddable":true,"href":"https:\/\/tintasfabrisul.com.br\/index.php\/wp-json\/wp\/v2\/product_tag?post=588"}],"curies":[{"name":"wp","href":"https:\/\/api.w.org\/{rel}","templated":true}]}}