{"id":590,"date":"2022-10-26T14:35:08","date_gmt":"2022-10-26T17:35:08","guid":{"rendered":"https:\/\/tintasfabrisul.com.br\/?post_type=product&#038;p=590"},"modified":"2022-11-09T15:29:49","modified_gmt":"2022-11-09T18:29:49","slug":"primer-pu-branco","status":"publish","type":"product","link":"https:\/\/tintasfabrisul.com.br\/index.php\/produto\/primer-pu-branco\/","title":{"rendered":"Primer Universal"},"content":{"rendered":"<p>Fundo rico em cromato de zinco base de solventes promovedor de ader\u00eancia, monocomponente voltado para a linha t\u00e9cnica Industrial em aplica\u00e7\u00e3o sobre superf\u00edcies em a\u00e7o carbono, chapas lisas galvanizadas e alum\u00ednios, tamb\u00e9m linha de Metalon, possui alto desempenho, garantindo assim maior vida \u00fatil \u00e0 superf\u00edcie com resist\u00eancia mec\u00e2nica, durabilidade e flexibilidade.<\/p>\n<p><strong><img loading=\"lazy\" decoding=\"async\" class=\"alignleft wp-image-647\" src=\"https:\/\/tintasfabrisul.com.br\/wp-content\/uploads\/2022\/10\/ferramenta-300x300.png\" alt=\"\" width=\"60\" height=\"60\" srcset=\"https:\/\/tintasfabrisul.com.br\/wp-content\/uploads\/2022\/10\/ferramenta-300x300.png 300w, https:\/\/tintasfabrisul.com.br\/wp-content\/uploads\/2022\/10\/ferramenta-1024x1024.png 1024w, https:\/\/tintasfabrisul.com.br\/wp-content\/uploads\/2022\/10\/ferramenta-150x150.png 150w, https:\/\/tintasfabrisul.com.br\/wp-content\/uploads\/2022\/10\/ferramenta-768x768.png 768w, https:\/\/tintasfabrisul.com.br\/wp-content\/uploads\/2022\/10\/ferramenta-1536x1536.png 1536w, https:\/\/tintasfabrisul.com.br\/wp-content\/uploads\/2022\/10\/ferramenta-600x600.png 600w, https:\/\/tintasfabrisul.com.br\/wp-content\/uploads\/2022\/10\/ferramenta-100x100.png 100w, https:\/\/tintasfabrisul.com.br\/wp-content\/uploads\/2022\/10\/ferramenta.png 1810w\" sizes=\"auto, (max-width: 60px) 100vw, 60px\" \/>Ferramentas: <\/strong>Utilizar rolo de l\u00e3 indicado para tintas industriais e t\u00e9cnicas, pincel ou trincha de cor escura, equipamento de pistola e airless seguir a recomenda\u00e7\u00e3o do fabricante.<\/p>\n<p>&nbsp;<\/p>\n<p><strong><img loading=\"lazy\" decoding=\"async\" class=\"wp-image-643 alignleft\" src=\"https:\/\/tintasfabrisul.com.br\/wp-content\/uploads\/2022\/10\/balde-de-tinta-1-300x300.png\" alt=\"\" width=\"50\" height=\"50\" srcset=\"https:\/\/tintasfabrisul.com.br\/wp-content\/uploads\/2022\/10\/balde-de-tinta-1-300x300.png 300w, https:\/\/tintasfabrisul.com.br\/wp-content\/uploads\/2022\/10\/balde-de-tinta-1-150x150.png 150w, https:\/\/tintasfabrisul.com.br\/wp-content\/uploads\/2022\/10\/balde-de-tinta-1-100x100.png 100w, https:\/\/tintasfabrisul.com.br\/wp-content\/uploads\/2022\/10\/balde-de-tinta-1.png 512w\" sizes=\"auto, (max-width: 50px) 100vw, 50px\" \/>Dilui\u00e7\u00e3o: <\/strong>Superf\u00edcie metais, alum\u00ednio e galvanizado e metalon novos dilui\u00e7\u00f5es de 20% a 50% com (diluente para fundo universal industrial), para utilizar em rolo de l\u00e3 fa\u00e7a op\u00e7\u00e3o de rolo linha industrial, pois \u00e9 mais resistente ao diluente. Superf\u00edcie de metais, alum\u00ednio, galvanizado e metalon em repintura 20% a 50% com (diluente para fundo universal), utilizar rolo de l\u00e3 linha industrial Pistola convencional e air less seguir a indica\u00e7\u00e3o do fabricante, recomendamos utilizar de acima de 50% com diluente pr\u00f3prio.\u00a0<em>OBS: Outras superf\u00edcies ou d\u00favidas consultar departamento t\u00e9cnico Fabrisul.<\/em><\/p>\n<p><strong><img loading=\"lazy\" decoding=\"async\" class=\"alignleft wp-image-642\" src=\"https:\/\/tintasfabrisul.com.br\/wp-content\/uploads\/2022\/10\/rolo-de-pintura-1-300x300.png\" alt=\"\" width=\"60\" height=\"60\" srcset=\"https:\/\/tintasfabrisul.com.br\/wp-content\/uploads\/2022\/10\/rolo-de-pintura-1-300x300.png 300w, https:\/\/tintasfabrisul.com.br\/wp-content\/uploads\/2022\/10\/rolo-de-pintura-1-150x150.png 150w, https:\/\/tintasfabrisul.com.br\/wp-content\/uploads\/2022\/10\/rolo-de-pintura-1-100x100.png 100w, https:\/\/tintasfabrisul.com.br\/wp-content\/uploads\/2022\/10\/rolo-de-pintura-1.png 512w\" sizes=\"auto, (max-width: 60px) 100vw, 60px\" \/>Dem\u00e3os : <\/strong>Aplica-se 1 dem\u00e3o para se atingir a cobertura total, por\u00e9m caso a superf\u00edcie seja porosa e irregular recomendamos aplicar duas dem\u00e3os com intervalo de 2 horas.<\/p>\n<p>&nbsp;<\/p>\n<p><strong><img loading=\"lazy\" decoding=\"async\" class=\"wp-image-641 alignleft\" src=\"https:\/\/tintasfabrisul.com.br\/wp-content\/uploads\/2022\/10\/pintura-1-300x300.png\" alt=\"\" width=\"50\" height=\"50\" srcset=\"https:\/\/tintasfabrisul.com.br\/wp-content\/uploads\/2022\/10\/pintura-1-300x300.png 300w, https:\/\/tintasfabrisul.com.br\/wp-content\/uploads\/2022\/10\/pintura-1-150x150.png 150w, https:\/\/tintasfabrisul.com.br\/wp-content\/uploads\/2022\/10\/pintura-1-100x100.png 100w, https:\/\/tintasfabrisul.com.br\/wp-content\/uploads\/2022\/10\/pintura-1.png 512w\" sizes=\"auto, (max-width: 50px) 100vw, 50px\" \/>Rendimento acabado: <\/strong>Gal\u00e3o de 3,6L o rendimento \u00e9 de 20m<sup>2<\/sup>. Lata de 18L o rendimento \u00e9 de 100m<sup>2<\/sup>.\u00a0<em>OBS: Este quantitativo \u00e9 te\u00f3rico podendo haver varia\u00e7\u00f5es dependendo de v\u00e1rios fatores, como ferramenta utilizada, conhecimento t\u00e9cnico e superf\u00edcie.<\/em><\/p>\n<p><strong><img loading=\"lazy\" decoding=\"async\" class=\"wp-image-646 alignleft\" src=\"https:\/\/tintasfabrisul.com.br\/wp-content\/uploads\/2022\/10\/relogio-com-sentido-horario-300x300.png\" alt=\"\" width=\"50\" height=\"50\" srcset=\"https:\/\/tintasfabrisul.com.br\/wp-content\/uploads\/2022\/10\/relogio-com-sentido-horario-300x300.png 300w, https:\/\/tintasfabrisul.com.br\/wp-content\/uploads\/2022\/10\/relogio-com-sentido-horario-150x150.png 150w, https:\/\/tintasfabrisul.com.br\/wp-content\/uploads\/2022\/10\/relogio-com-sentido-horario-100x100.png 100w, https:\/\/tintasfabrisul.com.br\/wp-content\/uploads\/2022\/10\/relogio-com-sentido-horario.png 512w\" sizes=\"auto, (max-width: 50px) 100vw, 50px\" \/>Secagem: <\/strong>1 hora, entre dem\u00e3os 4 horas, final 24 horas e cura 48 horas. N\u00e3o aplicar abaixo de 10 graus e acima de 40 graus. Dias com muito frio e muito quente poder\u00e1 prejudicar o acabamento final. Umidade 75% a 22 graus.<\/p>\n<p><strong><img loading=\"lazy\" decoding=\"async\" class=\"alignleft wp-image-644\" src=\"https:\/\/tintasfabrisul.com.br\/wp-content\/uploads\/2022\/10\/paleta-de-cores-300x300.png\" alt=\"\" width=\"45\" height=\"45\" srcset=\"https:\/\/tintasfabrisul.com.br\/wp-content\/uploads\/2022\/10\/paleta-de-cores-300x300.png 300w, https:\/\/tintasfabrisul.com.br\/wp-content\/uploads\/2022\/10\/paleta-de-cores-150x150.png 150w, https:\/\/tintasfabrisul.com.br\/wp-content\/uploads\/2022\/10\/paleta-de-cores-100x100.png 100w, https:\/\/tintasfabrisul.com.br\/wp-content\/uploads\/2022\/10\/paleta-de-cores.png 512w\" sizes=\"auto, (max-width: 45px) 100vw, 45px\" \/>Cores dispon\u00edveis: <\/strong>Branco, Cinza.<\/p>\n<p>&nbsp;<\/p>\n<p><strong>Mais informa\u00e7\u00f5es:<\/strong> Boletim T\u00e9cnico \u00a0 \u00a0 \u00a0 \u00a0 FISPQ<\/p>\n","protected":false},"excerpt":{"rendered":"<p>Fundo rico em cromato de zinco base de solventes promovedor de ader\u00eancia, monocomponente voltado para a linha t\u00e9cnica Industrial em aplica\u00e7\u00e3o sobre superf\u00edcies em a\u00e7o carbono, chapas lisas galvanizadas e alum\u00ednios, tamb\u00e9m linha de Metalon, possui alto desempenho, garantindo assim maior vida \u00fatil \u00e0 superf\u00edcie com resist\u00eancia mec\u00e2nica, durabilidade e flexibilidade. Ferramentas: Utilizar rolo de [&hellip;]<\/p>\n","protected":false},"featured_media":831,"comment_status":"open","ping_status":"closed","template":"","meta":[],"product_cat":[71,99],"product_tag":[30,33,75,74,32,72,39,31,26,76],"class_list":{"0":"post-590","1":"product","2":"type-product","3":"status-publish","4":"has-post-thumbnail","5":"hentry","6":"product_cat-madeira-metal","7":"product_cat-complemento-solvente","8":"product_tag-epoxi","9":"product_tag-fundo","10":"product_tag-madeira","11":"product_tag-metal","12":"product_tag-piso","13":"product_tag-primer","14":"product_tag-pu","15":"product_tag-tinta-industrial","16":"product_tag-tintas","17":"product_tag-universal","19":"entry","20":"has-media","21":"owp-thumbs-layout-horizontal","22":"owp-btn-normal","23":"owp-tabs-layout-horizontal","24":"has-no-thumbnails","25":"has-product-nav"},"_links":{"self":[{"href":"https:\/\/tintasfabrisul.com.br\/index.php\/wp-json\/wp\/v2\/product\/590","targetHints":{"allow":["GET"]}}],"collection":[{"href":"https:\/\/tintasfabrisul.com.br\/index.php\/wp-json\/wp\/v2\/product"}],"about":[{"href":"https:\/\/tintasfabrisul.com.br\/index.php\/wp-json\/wp\/v2\/types\/product"}],"replies":[{"embeddable":true,"href":"https:\/\/tintasfabrisul.com.br\/index.php\/wp-json\/wp\/v2\/comments?post=590"}],"wp:featuredmedia":[{"embeddable":true,"href":"https:\/\/tintasfabrisul.com.br\/index.php\/wp-json\/wp\/v2\/media\/831"}],"wp:attachment":[{"href":"https:\/\/tintasfabrisul.com.br\/index.php\/wp-json\/wp\/v2\/media?parent=590"}],"wp:term":[{"taxonomy":"product_cat","embeddable":true,"href":"https:\/\/tintasfabrisul.com.br\/index.php\/wp-json\/wp\/v2\/product_cat?post=590"},{"taxonomy":"product_tag","embeddable":true,"href":"https:\/\/tintasfabrisul.com.br\/index.php\/wp-json\/wp\/v2\/product_tag?post=590"}],"curies":[{"name":"wp","href":"https:\/\/api.w.org\/{rel}","templated":true}]}}