{"id":597,"date":"2022-10-26T16:13:35","date_gmt":"2022-10-26T19:13:35","guid":{"rendered":"https:\/\/tintasfabrisul.com.br\/?post_type=product&#038;p=597"},"modified":"2024-04-19T09:23:14","modified_gmt":"2024-04-19T12:23:14","slug":"verniz-pu","status":"publish","type":"product","link":"https:\/\/tintasfabrisul.com.br\/index.php\/produto\/verniz-pu\/","title":{"rendered":"Verniz PU Bicomponente"},"content":{"rendered":"<p>Produto bi componente a base de solventes voltado para a linha t\u00e9cnica em aplica\u00e7\u00e3o sobre superf\u00edcies em metal e concreto com alto desempenho aos raios UV, garantindo assim maior vida \u00fatil ao produto aplicado externamente.<\/p>\n<p><strong><img loading=\"lazy\" decoding=\"async\" class=\"alignleft wp-image-647\" src=\"https:\/\/tintasfabrisul.com.br\/wp-content\/uploads\/2022\/10\/ferramenta-300x300.png\" alt=\"\" width=\"60\" height=\"60\" srcset=\"https:\/\/tintasfabrisul.com.br\/wp-content\/uploads\/2022\/10\/ferramenta-300x300.png 300w, https:\/\/tintasfabrisul.com.br\/wp-content\/uploads\/2022\/10\/ferramenta-1024x1024.png 1024w, https:\/\/tintasfabrisul.com.br\/wp-content\/uploads\/2022\/10\/ferramenta-150x150.png 150w, https:\/\/tintasfabrisul.com.br\/wp-content\/uploads\/2022\/10\/ferramenta-768x768.png 768w, https:\/\/tintasfabrisul.com.br\/wp-content\/uploads\/2022\/10\/ferramenta-1536x1536.png 1536w, https:\/\/tintasfabrisul.com.br\/wp-content\/uploads\/2022\/10\/ferramenta-600x600.png 600w, https:\/\/tintasfabrisul.com.br\/wp-content\/uploads\/2022\/10\/ferramenta-100x100.png 100w, https:\/\/tintasfabrisul.com.br\/wp-content\/uploads\/2022\/10\/ferramenta.png 1810w\" sizes=\"auto, (max-width: 60px) 100vw, 60px\" \/>Ferramentas: <\/strong>Utilizar rolo de l\u00e3 indicado para tintas industriais e t\u00e9cnicas, pincel ou trincha de cor escura, equipamento de pistola e airless seguir a recomenda\u00e7\u00e3o do fabricante.<\/p>\n<p>&nbsp;<\/p>\n<p><strong><img loading=\"lazy\" decoding=\"async\" class=\"wp-image-643 alignleft\" src=\"https:\/\/tintasfabrisul.com.br\/wp-content\/uploads\/2022\/10\/balde-de-tinta-1-300x300.png\" alt=\"\" width=\"50\" height=\"50\" srcset=\"https:\/\/tintasfabrisul.com.br\/wp-content\/uploads\/2022\/10\/balde-de-tinta-1-300x300.png 300w, https:\/\/tintasfabrisul.com.br\/wp-content\/uploads\/2022\/10\/balde-de-tinta-1-150x150.png 150w, https:\/\/tintasfabrisul.com.br\/wp-content\/uploads\/2022\/10\/balde-de-tinta-1-100x100.png 100w, https:\/\/tintasfabrisul.com.br\/wp-content\/uploads\/2022\/10\/balde-de-tinta-1.png 512w\" sizes=\"auto, (max-width: 50px) 100vw, 50px\" \/>Dilui\u00e7\u00e3o:<\/strong> Superf\u00edcie de metal e concreto novos dilui\u00e7\u00e3o de 10% a 20% com diluente pr\u00f3prio. Superf\u00edcie de metal e concreto em repintura 20% a 30% com diluente pr\u00f3prio. Pistola convencional e airless seguir a indica\u00e7\u00e3o do fabricante.\u00a0<em>OBS: Outras superf\u00edcies ou d\u00favidas consultar departamento t\u00e9cnico Fabrisul.<\/em><\/p>\n<p><strong><img loading=\"lazy\" decoding=\"async\" class=\"alignleft wp-image-642\" src=\"https:\/\/tintasfabrisul.com.br\/wp-content\/uploads\/2022\/10\/rolo-de-pintura-1-300x300.png\" alt=\"\" width=\"60\" height=\"60\" srcset=\"https:\/\/tintasfabrisul.com.br\/wp-content\/uploads\/2022\/10\/rolo-de-pintura-1-300x300.png 300w, https:\/\/tintasfabrisul.com.br\/wp-content\/uploads\/2022\/10\/rolo-de-pintura-1-150x150.png 150w, https:\/\/tintasfabrisul.com.br\/wp-content\/uploads\/2022\/10\/rolo-de-pintura-1-100x100.png 100w, https:\/\/tintasfabrisul.com.br\/wp-content\/uploads\/2022\/10\/rolo-de-pintura-1.png 512w\" sizes=\"auto, (max-width: 60px) 100vw, 60px\" \/>&#8211; Dem\u00e3os Metal: <\/strong>Geralmente aplica-se uma dem\u00e3o cruzada por uniformidade e alcan\u00e7a a cobertura satisfat\u00f3ria, por\u00e9m dependendo da cor escolhida, da superf\u00edcie e seu estado geral, do equipamento indicado para a execu\u00e7\u00e3o do trabalho e o clima, haver\u00e1 a necessidade de um n\u00famero maior de dem\u00e3os, lembrando que com maior dilui\u00e7\u00e3o do produto o filme da tinta aplicada e cobertura a ser alcan\u00e7ada ir\u00e1 diminuir drasticamente. <strong>&#8211; Dem\u00e3os Concreto: <\/strong>Geralmente aplica-se 2 dem\u00e3os e se obt\u00e9m a cobertura satisfat\u00f3ria, alta dilui\u00e7\u00e3o, cores intensas, superf\u00edcie mal preparada e pouco conhecimento t\u00e9cnico, poder\u00e1 necessitar de mais dem\u00e3os.<\/p>\n<p><strong><img loading=\"lazy\" decoding=\"async\" class=\"wp-image-641 alignleft\" src=\"https:\/\/tintasfabrisul.com.br\/wp-content\/uploads\/2022\/10\/pintura-1-300x300.png\" alt=\"\" width=\"50\" height=\"50\" srcset=\"https:\/\/tintasfabrisul.com.br\/wp-content\/uploads\/2022\/10\/pintura-1-300x300.png 300w, https:\/\/tintasfabrisul.com.br\/wp-content\/uploads\/2022\/10\/pintura-1-150x150.png 150w, https:\/\/tintasfabrisul.com.br\/wp-content\/uploads\/2022\/10\/pintura-1-100x100.png 100w, https:\/\/tintasfabrisul.com.br\/wp-content\/uploads\/2022\/10\/pintura-1.png 512w\" sizes=\"auto, (max-width: 50px) 100vw, 50px\" \/>Rendimento: <\/strong>Gal\u00e3o de 3,6 L acabado. Metal novo: 20m<sup>2<\/sup>. Metal Repintura: 25m<sup>2<\/sup>. Concreto novo 20m<sup>2<\/sup>. Concreto repintura 25m<sup>2 <\/sup><em>OBS: Este quantitativo \u00e9 te\u00f3rico podendo haver varia\u00e7\u00f5es dependendo de v\u00e1rios fatores, como ferramenta utilizada, conhecimento t\u00e9cnico e superf\u00edcie.<\/em><\/p>\n<p><strong><img loading=\"lazy\" decoding=\"async\" class=\"wp-image-646 alignleft\" src=\"https:\/\/tintasfabrisul.com.br\/wp-content\/uploads\/2022\/10\/relogio-com-sentido-horario-300x300.png\" alt=\"\" width=\"50\" height=\"50\" srcset=\"https:\/\/tintasfabrisul.com.br\/wp-content\/uploads\/2022\/10\/relogio-com-sentido-horario-300x300.png 300w, https:\/\/tintasfabrisul.com.br\/wp-content\/uploads\/2022\/10\/relogio-com-sentido-horario-150x150.png 150w, https:\/\/tintasfabrisul.com.br\/wp-content\/uploads\/2022\/10\/relogio-com-sentido-horario-100x100.png 100w, https:\/\/tintasfabrisul.com.br\/wp-content\/uploads\/2022\/10\/relogio-com-sentido-horario.png 512w\" sizes=\"auto, (max-width: 50px) 100vw, 50px\" \/>Secagem: <\/strong>Entre dem\u00e3os de 12 a 24 horas- total 36 horas e cura 96 horas. N\u00e3o aplicar abaixo de 10 graus e acima de 40 graus. Dias com muito frio e muito quente poder\u00e1 prejudicar o acabamento final. Umidade 75% a 22 graus.<\/p>\n<p><strong><img loading=\"lazy\" decoding=\"async\" class=\"alignleft wp-image-644\" src=\"https:\/\/tintasfabrisul.com.br\/wp-content\/uploads\/2022\/10\/paleta-de-cores-300x300.png\" alt=\"\" width=\"45\" height=\"45\" srcset=\"https:\/\/tintasfabrisul.com.br\/wp-content\/uploads\/2022\/10\/paleta-de-cores-300x300.png 300w, https:\/\/tintasfabrisul.com.br\/wp-content\/uploads\/2022\/10\/paleta-de-cores-150x150.png 150w, https:\/\/tintasfabrisul.com.br\/wp-content\/uploads\/2022\/10\/paleta-de-cores-100x100.png 100w, https:\/\/tintasfabrisul.com.br\/wp-content\/uploads\/2022\/10\/paleta-de-cores.png 512w\" sizes=\"auto, (max-width: 45px) 100vw, 45px\" \/>Cores dispon\u00edveis:<\/strong>\u00a0Por ser Verniz n\u00e3o possui cor.<\/p>\n<p>&nbsp;<\/p>\n<p><strong>Mais informa\u00e7\u00f5es:<\/strong> Boletim T\u00e9cnico \u00a0 \u00a0 \u00a0 \u00a0 FISPQ<\/p>\n","protected":false},"excerpt":{"rendered":"<p>Produto bi componente a base de solventes voltado para a linha t\u00e9cnica em aplica\u00e7\u00e3o sobre superf\u00edcies em metal e concreto com alto desempenho aos raios UV, garantindo assim maior vida \u00fatil ao produto aplicado externamente. Ferramentas: Utilizar rolo de l\u00e3 indicado para tintas industriais e t\u00e9cnicas, pincel ou trincha de cor escura, equipamento de pistola [&hellip;]<\/p>\n","protected":false},"featured_media":809,"comment_status":"open","ping_status":"closed","template":"","meta":[],"product_cat":[87,71],"product_tag":[33,75,74,39,31,26,63],"class_list":{"0":"post-597","1":"product","2":"type-product","3":"status-publish","4":"has-post-thumbnail","5":"hentry","6":"product_cat-pedras-telhas","7":"product_cat-madeira-metal","8":"product_tag-fundo","9":"product_tag-madeira","10":"product_tag-metal","11":"product_tag-pu","12":"product_tag-tinta-industrial","13":"product_tag-tintas","14":"product_tag-verniz","16":"entry","17":"has-media","18":"owp-thumbs-layout-horizontal","19":"owp-btn-normal","20":"owp-tabs-layout-horizontal","21":"has-no-thumbnails","22":"has-product-nav"},"_links":{"self":[{"href":"https:\/\/tintasfabrisul.com.br\/index.php\/wp-json\/wp\/v2\/product\/597","targetHints":{"allow":["GET"]}}],"collection":[{"href":"https:\/\/tintasfabrisul.com.br\/index.php\/wp-json\/wp\/v2\/product"}],"about":[{"href":"https:\/\/tintasfabrisul.com.br\/index.php\/wp-json\/wp\/v2\/types\/product"}],"replies":[{"embeddable":true,"href":"https:\/\/tintasfabrisul.com.br\/index.php\/wp-json\/wp\/v2\/comments?post=597"}],"wp:featuredmedia":[{"embeddable":true,"href":"https:\/\/tintasfabrisul.com.br\/index.php\/wp-json\/wp\/v2\/media\/809"}],"wp:attachment":[{"href":"https:\/\/tintasfabrisul.com.br\/index.php\/wp-json\/wp\/v2\/media?parent=597"}],"wp:term":[{"taxonomy":"product_cat","embeddable":true,"href":"https:\/\/tintasfabrisul.com.br\/index.php\/wp-json\/wp\/v2\/product_cat?post=597"},{"taxonomy":"product_tag","embeddable":true,"href":"https:\/\/tintasfabrisul.com.br\/index.php\/wp-json\/wp\/v2\/product_tag?post=597"}],"curies":[{"name":"wp","href":"https:\/\/api.w.org\/{rel}","templated":true}]}}