{"id":614,"date":"2022-10-27T10:18:47","date_gmt":"2022-10-27T13:18:47","guid":{"rendered":"https:\/\/tintasfabrisul.com.br\/?post_type=product&#038;p=614"},"modified":"2022-11-09T15:29:45","modified_gmt":"2022-11-09T18:29:45","slug":"primer-epoxi-branco","status":"publish","type":"product","link":"https:\/\/tintasfabrisul.com.br\/index.php\/produto\/primer-epoxi-branco\/","title":{"rendered":"Primer Ep\u00f3xi Branco"},"content":{"rendered":"<p>Produto bi componente a base de solventes \u00a0desenvolvido para a linha t\u00e9cnica Industrial como promovedor de ader\u00eancia para o sistema ep\u00f3xi, sua aplica\u00e7\u00e3o pode ser sobre \u00a0superf\u00edcies em metal tipo, a\u00e7o carbono, galvanizados, metalon e \u00a0alum\u00ednio, com alto poder de ader\u00eancia, garantindo assim maior \u00a0uniformidade, estabilidade, resist\u00eancia e robustez.<\/p>\n<p><strong><img loading=\"lazy\" decoding=\"async\" class=\"alignleft wp-image-647\" src=\"https:\/\/tintasfabrisul.com.br\/wp-content\/uploads\/2022\/10\/ferramenta-300x300.png\" alt=\"\" width=\"60\" height=\"60\" srcset=\"https:\/\/tintasfabrisul.com.br\/wp-content\/uploads\/2022\/10\/ferramenta-300x300.png 300w, https:\/\/tintasfabrisul.com.br\/wp-content\/uploads\/2022\/10\/ferramenta-1024x1024.png 1024w, https:\/\/tintasfabrisul.com.br\/wp-content\/uploads\/2022\/10\/ferramenta-150x150.png 150w, https:\/\/tintasfabrisul.com.br\/wp-content\/uploads\/2022\/10\/ferramenta-768x768.png 768w, https:\/\/tintasfabrisul.com.br\/wp-content\/uploads\/2022\/10\/ferramenta-1536x1536.png 1536w, https:\/\/tintasfabrisul.com.br\/wp-content\/uploads\/2022\/10\/ferramenta-600x600.png 600w, https:\/\/tintasfabrisul.com.br\/wp-content\/uploads\/2022\/10\/ferramenta-100x100.png 100w, https:\/\/tintasfabrisul.com.br\/wp-content\/uploads\/2022\/10\/ferramenta.png 1810w\" sizes=\"auto, (max-width: 60px) 100vw, 60px\" \/>Ferramentas: <\/strong>Utilizar rolo de l\u00e3 indicado para tintas industriais, pincel ou trincha de cor escura, equipamento de pistola e airless seguir a recomenda\u00e7\u00e3o do fabricante.<\/p>\n<p>&nbsp;<\/p>\n<p><strong><img loading=\"lazy\" decoding=\"async\" class=\"wp-image-643 alignleft\" src=\"https:\/\/tintasfabrisul.com.br\/wp-content\/uploads\/2022\/10\/balde-de-tinta-1-300x300.png\" alt=\"\" width=\"50\" height=\"50\" srcset=\"https:\/\/tintasfabrisul.com.br\/wp-content\/uploads\/2022\/10\/balde-de-tinta-1-300x300.png 300w, https:\/\/tintasfabrisul.com.br\/wp-content\/uploads\/2022\/10\/balde-de-tinta-1-150x150.png 150w, https:\/\/tintasfabrisul.com.br\/wp-content\/uploads\/2022\/10\/balde-de-tinta-1-100x100.png 100w, https:\/\/tintasfabrisul.com.br\/wp-content\/uploads\/2022\/10\/balde-de-tinta-1.png 512w\" sizes=\"auto, (max-width: 50px) 100vw, 50px\" \/>Dilui\u00e7\u00e3o: <\/strong>Superf\u00edcie de metal novo dilui\u00e7\u00e3o de 10% a 20% com diluente pr\u00f3prio. Superf\u00edcie de metal em repintura 20% a 30% com diluente pr\u00f3prio. Pistola convencional e air less seguir a indica\u00e7\u00e3o do fabricante.\u00a0OBS: Outras superf\u00edcies ou d\u00favidas consultar departamento t\u00e9cnico Fabrisul.<\/p>\n<p><strong><img loading=\"lazy\" decoding=\"async\" class=\"alignleft wp-image-642\" src=\"https:\/\/tintasfabrisul.com.br\/wp-content\/uploads\/2022\/10\/rolo-de-pintura-1-300x300.png\" alt=\"\" width=\"60\" height=\"60\" srcset=\"https:\/\/tintasfabrisul.com.br\/wp-content\/uploads\/2022\/10\/rolo-de-pintura-1-300x300.png 300w, https:\/\/tintasfabrisul.com.br\/wp-content\/uploads\/2022\/10\/rolo-de-pintura-1-150x150.png 150w, https:\/\/tintasfabrisul.com.br\/wp-content\/uploads\/2022\/10\/rolo-de-pintura-1-100x100.png 100w, https:\/\/tintasfabrisul.com.br\/wp-content\/uploads\/2022\/10\/rolo-de-pintura-1.png 512w\" sizes=\"auto, (max-width: 60px) 100vw, 60px\" \/>Dem\u00e3os Metal: <\/strong>Geralmente aplica-se uma dem\u00e3o cruzada por uniformidade e alcan\u00e7a a cobertura satisfat\u00f3ria, dependendo da superf\u00edcie, do equipamento indicado para a execu\u00e7\u00e3o do trabalho e o clima, poder\u00e1 haver a necessidade de um n\u00famero maior de dem\u00e3os, lembrando que quanto maior a dilui\u00e7\u00e3o do produto o filme do primer aplicado e cobertura a ser alcan\u00e7ada ir\u00e1 diminuir drasticamente.<\/p>\n<p><strong><img loading=\"lazy\" decoding=\"async\" class=\"alignnone wp-image-641\" src=\"https:\/\/tintasfabrisul.com.br\/wp-content\/uploads\/2022\/10\/pintura-1-300x300.png\" alt=\"\" width=\"50\" height=\"50\" srcset=\"https:\/\/tintasfabrisul.com.br\/wp-content\/uploads\/2022\/10\/pintura-1-300x300.png 300w, https:\/\/tintasfabrisul.com.br\/wp-content\/uploads\/2022\/10\/pintura-1-150x150.png 150w, https:\/\/tintasfabrisul.com.br\/wp-content\/uploads\/2022\/10\/pintura-1-100x100.png 100w, https:\/\/tintasfabrisul.com.br\/wp-content\/uploads\/2022\/10\/pintura-1.png 512w\" sizes=\"auto, (max-width: 50px) 100vw, 50px\" \/>Rendimento: <\/strong>Gal\u00e3o de 3,6 L. Metal novo: no m\u00ednimo de 20m<sup>2<\/sup> acabado. \u00a0Metal Repintura: no m\u00ednimo de 25m<sup>2<\/sup> acabado.<\/p>\n<p><em><strong>OBS: <\/strong>Este quantitativo \u00e9 te\u00f3rico podendo haver varia\u00e7\u00f5es dependendo de v\u00e1rios fatores, como ferramenta utilizada, conhecimento t\u00e9cnico e superf\u00edcie.<\/em><\/p>\n<p><strong><img loading=\"lazy\" decoding=\"async\" class=\"wp-image-646 alignleft\" src=\"https:\/\/tintasfabrisul.com.br\/wp-content\/uploads\/2022\/10\/relogio-com-sentido-horario-300x300.png\" alt=\"\" width=\"50\" height=\"50\" srcset=\"https:\/\/tintasfabrisul.com.br\/wp-content\/uploads\/2022\/10\/relogio-com-sentido-horario-300x300.png 300w, https:\/\/tintasfabrisul.com.br\/wp-content\/uploads\/2022\/10\/relogio-com-sentido-horario-150x150.png 150w, https:\/\/tintasfabrisul.com.br\/wp-content\/uploads\/2022\/10\/relogio-com-sentido-horario-100x100.png 100w, https:\/\/tintasfabrisul.com.br\/wp-content\/uploads\/2022\/10\/relogio-com-sentido-horario.png 512w\" sizes=\"auto, (max-width: 50px) 100vw, 50px\" \/>Secagem: <\/strong>Entre dem\u00e3os de 12 a 24 horas- total 36 horas e cura 96 horas. N\u00e3o aplicar abaixo de 10 graus e acima de 40 graus. Dias com muito frio e muito quente poder\u00e1 prejudicar o acabamento final. Umidade 75% a 22 graus.<\/p>\n<p><strong><img loading=\"lazy\" decoding=\"async\" class=\"alignleft wp-image-644\" src=\"https:\/\/tintasfabrisul.com.br\/wp-content\/uploads\/2022\/10\/paleta-de-cores-300x300.png\" alt=\"\" width=\"45\" height=\"45\" srcset=\"https:\/\/tintasfabrisul.com.br\/wp-content\/uploads\/2022\/10\/paleta-de-cores-300x300.png 300w, https:\/\/tintasfabrisul.com.br\/wp-content\/uploads\/2022\/10\/paleta-de-cores-150x150.png 150w, https:\/\/tintasfabrisul.com.br\/wp-content\/uploads\/2022\/10\/paleta-de-cores-100x100.png 100w, https:\/\/tintasfabrisul.com.br\/wp-content\/uploads\/2022\/10\/paleta-de-cores.png 512w\" sizes=\"auto, (max-width: 45px) 100vw, 45px\" \/>Cores dispon\u00edveis: <\/strong>Branco.<\/p>\n<p>&nbsp;<\/p>\n<p><strong>Mais informa\u00e7\u00f5es:<\/strong> Boletim T\u00e9cnico \u00a0 \u00a0 \u00a0 \u00a0 FISPQ<\/p>\n","protected":false},"excerpt":{"rendered":"<p>Produto bi componente a base de solventes \u00a0desenvolvido para a linha t\u00e9cnica Industrial como promovedor de ader\u00eancia para o sistema ep\u00f3xi, sua aplica\u00e7\u00e3o pode ser sobre \u00a0superf\u00edcies em metal tipo, a\u00e7o carbono, galvanizados, metalon e \u00a0alum\u00ednio, com alto poder de ader\u00eancia, garantindo assim maior \u00a0uniformidade, estabilidade, resist\u00eancia e robustez. Ferramentas: Utilizar rolo de l\u00e3 indicado [&hellip;]<\/p>\n","protected":false},"featured_media":830,"comment_status":"open","ping_status":"closed","template":"","meta":[],"product_cat":[19,99],"product_tag":[101,73,30,33,32,100,31,26],"class_list":{"0":"post-614","1":"product","2":"type-product","3":"status-publish","4":"has-post-thumbnail","5":"hentry","6":"product_cat-tinta-piso","7":"product_cat-complemento-solvente","8":"product_tag-base","9":"product_tag-branco","10":"product_tag-epoxi","11":"product_tag-fundo","12":"product_tag-piso","13":"product_tag-solvente","14":"product_tag-tinta-industrial","15":"product_tag-tintas","17":"entry","18":"has-media","19":"owp-thumbs-layout-horizontal","20":"owp-btn-normal","21":"owp-tabs-layout-horizontal","22":"has-no-thumbnails","23":"has-product-nav"},"_links":{"self":[{"href":"https:\/\/tintasfabrisul.com.br\/index.php\/wp-json\/wp\/v2\/product\/614","targetHints":{"allow":["GET"]}}],"collection":[{"href":"https:\/\/tintasfabrisul.com.br\/index.php\/wp-json\/wp\/v2\/product"}],"about":[{"href":"https:\/\/tintasfabrisul.com.br\/index.php\/wp-json\/wp\/v2\/types\/product"}],"replies":[{"embeddable":true,"href":"https:\/\/tintasfabrisul.com.br\/index.php\/wp-json\/wp\/v2\/comments?post=614"}],"wp:featuredmedia":[{"embeddable":true,"href":"https:\/\/tintasfabrisul.com.br\/index.php\/wp-json\/wp\/v2\/media\/830"}],"wp:attachment":[{"href":"https:\/\/tintasfabrisul.com.br\/index.php\/wp-json\/wp\/v2\/media?parent=614"}],"wp:term":[{"taxonomy":"product_cat","embeddable":true,"href":"https:\/\/tintasfabrisul.com.br\/index.php\/wp-json\/wp\/v2\/product_cat?post=614"},{"taxonomy":"product_tag","embeddable":true,"href":"https:\/\/tintasfabrisul.com.br\/index.php\/wp-json\/wp\/v2\/product_tag?post=614"}],"curies":[{"name":"wp","href":"https:\/\/api.w.org\/{rel}","templated":true}]}}