{"id":621,"date":"2022-10-27T16:02:03","date_gmt":"2022-10-27T19:02:03","guid":{"rendered":"https:\/\/tintasfabrisul.com.br\/?post_type=product&#038;p=621"},"modified":"2022-11-08T09:19:25","modified_gmt":"2022-11-08T12:19:25","slug":"diluente-rc-2000","status":"publish","type":"product","link":"https:\/\/tintasfabrisul.com.br\/index.php\/produto\/diluente-rc-2000\/","title":{"rendered":"Diluente RC 2000"},"content":{"rendered":"<p><strong><img loading=\"lazy\" decoding=\"async\" class=\"wp-image-628 alignleft\" src=\"https:\/\/tintasfabrisul.com.br\/wp-content\/uploads\/2022\/10\/relatorio-medico-150x150.png\" alt=\"\" width=\"50\" height=\"50\" srcset=\"https:\/\/tintasfabrisul.com.br\/wp-content\/uploads\/2022\/10\/relatorio-medico-150x150.png 150w, https:\/\/tintasfabrisul.com.br\/wp-content\/uploads\/2022\/10\/relatorio-medico-300x300.png 300w, https:\/\/tintasfabrisul.com.br\/wp-content\/uploads\/2022\/10\/relatorio-medico-100x100.png 100w, https:\/\/tintasfabrisul.com.br\/wp-content\/uploads\/2022\/10\/relatorio-medico.png 512w\" sizes=\"auto, (max-width: 50px) 100vw, 50px\" \/>Composi\u00e7\u00e3o:\u00a0<\/strong>Hidrocarbonetos alif\u00e1ticos e arom\u00e1ticos, \u00c1lcoois, Cetona e \u00c9teres Glic\u00f3licos.<\/p>\n<p>&nbsp;<\/p>\n<p><strong><img loading=\"lazy\" decoding=\"async\" class=\"alignleft wp-image-631\" src=\"https:\/\/tintasfabrisul.com.br\/wp-content\/uploads\/2022\/10\/pincel-de-rolo-300x300.png\" alt=\"\" width=\"50\" height=\"50\" srcset=\"https:\/\/tintasfabrisul.com.br\/wp-content\/uploads\/2022\/10\/pincel-de-rolo-300x300.png 300w, https:\/\/tintasfabrisul.com.br\/wp-content\/uploads\/2022\/10\/pincel-de-rolo-150x150.png 150w, https:\/\/tintasfabrisul.com.br\/wp-content\/uploads\/2022\/10\/pincel-de-rolo-100x100.png 100w, https:\/\/tintasfabrisul.com.br\/wp-content\/uploads\/2022\/10\/pincel-de-rolo.png 512w\" sizes=\"auto, (max-width: 50px) 100vw, 50px\" \/>Caracteristicas: <\/strong>Subst\u00e2ncia l\u00edquida incolor, de odor caracter\u00edstico, de alta fluidez e insol\u00favel em \u00e1gua.<\/p>\n<p>&nbsp;<\/p>\n<p><strong><img loading=\"lazy\" decoding=\"async\" class=\"wp-image-632 alignleft\" src=\"https:\/\/tintasfabrisul.com.br\/wp-content\/uploads\/2022\/10\/pintado-1-300x300.png\" alt=\"\" width=\"50\" height=\"50\" srcset=\"https:\/\/tintasfabrisul.com.br\/wp-content\/uploads\/2022\/10\/pintado-1-300x300.png 300w, https:\/\/tintasfabrisul.com.br\/wp-content\/uploads\/2022\/10\/pintado-1-150x150.png 150w, https:\/\/tintasfabrisul.com.br\/wp-content\/uploads\/2022\/10\/pintado-1-100x100.png 100w, https:\/\/tintasfabrisul.com.br\/wp-content\/uploads\/2022\/10\/pintado-1.png 512w\" sizes=\"auto, (max-width: 50px) 100vw, 50px\" \/>Indica\u00e7\u00f5es: <\/strong>Os diluentes n\u00e3o s\u00e3o obrigat\u00f3rios, porem dependendo do acabamento pretendido, utilizasse para: afinar o produto e proporcionar melhor alastramento, utilizando de pincel rolo ou pistola. O principal fator de seu uso, \u00e9 para acerto de viscosidade e facilitar a aplica\u00e7\u00e3o, al\u00e9m de poder ser utilizado para limpeza de ferramentas e equipamentos em geral. Advert\u00eancia: excesso de dilui\u00e7\u00e3o pode diminuir o brilho, espessura e resist\u00eancia do produto.<\/p>\n<p><strong><img loading=\"lazy\" decoding=\"async\" class=\"wp-image-630 alignleft\" src=\"https:\/\/tintasfabrisul.com.br\/wp-content\/uploads\/2022\/10\/balde-de-tinta-2-300x300.png\" alt=\"\" width=\"50\" height=\"50\" srcset=\"https:\/\/tintasfabrisul.com.br\/wp-content\/uploads\/2022\/10\/balde-de-tinta-2-300x300.png 300w, https:\/\/tintasfabrisul.com.br\/wp-content\/uploads\/2022\/10\/balde-de-tinta-2-150x150.png 150w, https:\/\/tintasfabrisul.com.br\/wp-content\/uploads\/2022\/10\/balde-de-tinta-2-100x100.png 100w, https:\/\/tintasfabrisul.com.br\/wp-content\/uploads\/2022\/10\/balde-de-tinta-2.png 512w\" sizes=\"auto, (max-width: 50px) 100vw, 50px\" \/>Prepara\u00e7\u00e3o do Produto: <\/strong>Produto pronto para uso, para ser utilizado em dilui\u00e7\u00e3o de sistema de pintura Industrial.<\/p>\n<p>&nbsp;<\/p>\n<p><strong><img loading=\"lazy\" decoding=\"async\" class=\"alignleft wp-image-633\" src=\"https:\/\/tintasfabrisul.com.br\/wp-content\/uploads\/2022\/10\/alerta-300x300.png\" alt=\"\" width=\"40\" height=\"40\" srcset=\"https:\/\/tintasfabrisul.com.br\/wp-content\/uploads\/2022\/10\/alerta-300x300.png 300w, https:\/\/tintasfabrisul.com.br\/wp-content\/uploads\/2022\/10\/alerta-150x150.png 150w, https:\/\/tintasfabrisul.com.br\/wp-content\/uploads\/2022\/10\/alerta-100x100.png 100w, https:\/\/tintasfabrisul.com.br\/wp-content\/uploads\/2022\/10\/alerta.png 512w\" sizes=\"auto, (max-width: 40px) 100vw, 40px\" \/>RECOMENDA\u00c7\u00d5ES: <\/strong>PRECAU\u00c7\u00d5ES NO MANUSEIO: Produto inflam\u00e1vel. N\u00e3o ingerir e evitar inala\u00e7\u00f5es de vapores. Manter a embalagem fechada, fora do alcance de crian\u00e7as e animais e longe de fontes de calor. Armazenar em local coberto, fresco, seco e ventilado. A embalagem n\u00e3o deve ser incinerada, reutilizada ou perfurada. Manter o ambiente ventilado durante a aplica\u00e7\u00e3o ou secagem. Usar m\u00e1scara protetora, \u00f3culos de seguran\u00e7a, luvas e protetor auricular durante a aplica\u00e7\u00e3o com pistola, utilizar equipamentos adequados tais como: cabine de pintura com filtro exaustor. No caso de contato com apele e olhos, lavar abundantemente com \u00e1gua. Se houver altera\u00e7\u00e3o nas vias respirat\u00f3rias, transferir a pessoa para ambiente arejado. Se persistir, obter aux\u00edlio m\u00e9dico. No caso de ingest\u00e3o acidental n\u00e3o provocar v\u00f4mito. Beber \u00e1gua em abund\u00e2ncia e procurar socorro m\u00e9dico informando o tipo de produto ingerido. Este produto est\u00e1 catalogado na ONU sob o n\u00ba 1268.<\/p>\n<p><strong>Mais informa\u00e7\u00f5es:<\/strong> Boletim T\u00e9cnico \u00a0 \u00a0 \u00a0 \u00a0 FISPQ<\/p>\n<p>&nbsp;<\/p>\n<p>&nbsp;<\/p>\n","protected":false},"excerpt":{"rendered":"<p>Composi\u00e7\u00e3o:\u00a0Hidrocarbonetos alif\u00e1ticos e arom\u00e1ticos, \u00c1lcoois, Cetona e \u00c9teres Glic\u00f3licos. &nbsp; Caracteristicas: Subst\u00e2ncia l\u00edquida incolor, de odor caracter\u00edstico, de alta fluidez e insol\u00favel em \u00e1gua. &nbsp; Indica\u00e7\u00f5es: Os diluentes n\u00e3o s\u00e3o obrigat\u00f3rios, porem dependendo do acabamento pretendido, utilizasse para: afinar o produto e proporcionar melhor alastramento, utilizando de pincel rolo ou pistola. O principal fator de [&hellip;]<\/p>\n","protected":false},"featured_media":803,"comment_status":"open","ping_status":"closed","template":"","meta":[],"product_cat":[111],"product_tag":[30,107,109,100,31,108],"class_list":{"0":"post-621","1":"product","2":"type-product","3":"status-publish","4":"has-post-thumbnail","5":"hentry","6":"product_cat-diluente","7":"product_tag-epoxi","8":"product_tag-esmalte-pu","9":"product_tag-primer-pu","10":"product_tag-solvente","11":"product_tag-tinta-industrial","12":"product_tag-verniz-pu","14":"entry","15":"has-media","16":"owp-thumbs-layout-horizontal","17":"owp-btn-normal","18":"owp-tabs-layout-horizontal","19":"has-no-thumbnails","20":"has-product-nav"},"_links":{"self":[{"href":"https:\/\/tintasfabrisul.com.br\/index.php\/wp-json\/wp\/v2\/product\/621","targetHints":{"allow":["GET"]}}],"collection":[{"href":"https:\/\/tintasfabrisul.com.br\/index.php\/wp-json\/wp\/v2\/product"}],"about":[{"href":"https:\/\/tintasfabrisul.com.br\/index.php\/wp-json\/wp\/v2\/types\/product"}],"replies":[{"embeddable":true,"href":"https:\/\/tintasfabrisul.com.br\/index.php\/wp-json\/wp\/v2\/comments?post=621"}],"wp:featuredmedia":[{"embeddable":true,"href":"https:\/\/tintasfabrisul.com.br\/index.php\/wp-json\/wp\/v2\/media\/803"}],"wp:attachment":[{"href":"https:\/\/tintasfabrisul.com.br\/index.php\/wp-json\/wp\/v2\/media?parent=621"}],"wp:term":[{"taxonomy":"product_cat","embeddable":true,"href":"https:\/\/tintasfabrisul.com.br\/index.php\/wp-json\/wp\/v2\/product_cat?post=621"},{"taxonomy":"product_tag","embeddable":true,"href":"https:\/\/tintasfabrisul.com.br\/index.php\/wp-json\/wp\/v2\/product_tag?post=621"}],"curies":[{"name":"wp","href":"https:\/\/api.w.org\/{rel}","templated":true}]}}